{"id":672,"date":"2024-12-26T08:43:17","date_gmt":"2024-12-26T08:43:17","guid":{"rendered":"https:\/\/www.flatwaresupplier.com\/?post_type=product&#038;p=672"},"modified":"2025-10-07T07:57:52","modified_gmt":"2025-10-07T07:57:52","slug":"bespoke-silverware","status":"publish","type":"product","link":"https:\/\/www.flatwaresupplier.com\/fr\/product\/bespoke-silverware\/","title":{"rendered":"Bespoke Silverware Wholesale, Classical Curved Cutlery Sets"},"content":{"rendered":"<div class=\"wp-block-columns is-layout-flex wp-container-core-columns-is-layout-9d6595d7 wp-block-columns-is-layout-flex\">\n<div class=\"wp-block-column is-layout-flow wp-block-column-is-layout-flow\">\n<h2 class=\"wp-block-heading\">Features of Bespoke Silverware<\/h2>\n\n\n\n<ul class=\"wp-block-list\">\n<li><strong>Classic curved handle design: <\/strong>The handle of this bespoke silverware adopts an elegant curved design that is ergonomic, more comfortable, and easy to hold; thus, it is deeply loved by supermarket consumers.<\/li>\n\n\n\n<li><strong>Multiple polishing process: <\/strong>These wholesale cutlery sets adopt multiple polishing processes for different parts, handles, edges, and cutlery heads. It has a smooth and flawless surface with a combination of beauty and safety performance.<\/li>\n\n\n\n<li><strong>High-quality food-grade material: <\/strong>High-quality food-grade stainless steel has been used to make our bespoke silverware, which is durable and corrosion-resistant for long-time use without rust.<\/li>\n\n\n\n<li><strong>Full customization and free samples: <\/strong>Our wholesale cutlery sets support personalized customization in shape, polishing, color, LOGO, and packaging, with free samples available to meet various market needs.<\/li>\n<\/ul>\n<\/div>\n\n\n\n<div class=\"wp-block-column is-layout-flow wp-block-column-is-layout-flow\">\n<figure class=\"wp-block-image size-full\"><img loading=\"lazy\" decoding=\"async\" width=\"1000\" height=\"1000\" src=\"https:\/\/www.flatwaresupplier.com\/wp-content\/uploads\/2024\/12\/Classical-Curved-Bespoke-Silverware-Wholesale-Cutlery-Sets-2.webp\" alt=\"Bespoke Silverware Wholesale, Classical Curved Cutlery Sets-2\" class=\"wp-image-674\" srcset=\"https:\/\/www.flatwaresupplier.com\/wp-content\/uploads\/2024\/12\/Classical-Curved-Bespoke-Silverware-Wholesale-Cutlery-Sets-2.webp 1000w, https:\/\/www.flatwaresupplier.com\/wp-content\/uploads\/2024\/12\/Classical-Curved-Bespoke-Silverware-Wholesale-Cutlery-Sets-2-300x300.webp 300w, https:\/\/www.flatwaresupplier.com\/wp-content\/uploads\/2024\/12\/Classical-Curved-Bespoke-Silverware-Wholesale-Cutlery-Sets-2-150x150.webp 150w, https:\/\/www.flatwaresupplier.com\/wp-content\/uploads\/2024\/12\/Classical-Curved-Bespoke-Silverware-Wholesale-Cutlery-Sets-2-768x768.webp 768w, https:\/\/www.flatwaresupplier.com\/wp-content\/uploads\/2024\/12\/Classical-Curved-Bespoke-Silverware-Wholesale-Cutlery-Sets-2-600x600.webp 600w, https:\/\/www.flatwaresupplier.com\/wp-content\/uploads\/2024\/12\/Classical-Curved-Bespoke-Silverware-Wholesale-Cutlery-Sets-2-100x100.webp 100w\" sizes=\"auto, (max-width: 1000px) 100vw, 1000px\" \/><\/figure>\n<\/div>\n<\/div>\n\n\n\n<div class=\"wp-block-columns is-layout-flex wp-container-core-columns-is-layout-9d6595d7 wp-block-columns-is-layout-flex\">\n<div class=\"wp-block-column is-layout-flow wp-block-column-is-layout-flow\">\n<figure class=\"wp-block-image size-full\"><img loading=\"lazy\" decoding=\"async\" width=\"1000\" height=\"1000\" src=\"https:\/\/www.flatwaresupplier.com\/wp-content\/uploads\/2024\/12\/Classical-Curved-Bespoke-Silverware-Wholesale-Cutlery-Sets-6.webp\" alt=\"Classical Curved Bespoke Silverware, Wholesale Cutlery Sets-6\" class=\"wp-image-678\" srcset=\"https:\/\/www.flatwaresupplier.com\/wp-content\/uploads\/2024\/12\/Classical-Curved-Bespoke-Silverware-Wholesale-Cutlery-Sets-6.webp 1000w, https:\/\/www.flatwaresupplier.com\/wp-content\/uploads\/2024\/12\/Classical-Curved-Bespoke-Silverware-Wholesale-Cutlery-Sets-6-300x300.webp 300w, https:\/\/www.flatwaresupplier.com\/wp-content\/uploads\/2024\/12\/Classical-Curved-Bespoke-Silverware-Wholesale-Cutlery-Sets-6-150x150.webp 150w, https:\/\/www.flatwaresupplier.com\/wp-content\/uploads\/2024\/12\/Classical-Curved-Bespoke-Silverware-Wholesale-Cutlery-Sets-6-768x768.webp 768w, https:\/\/www.flatwaresupplier.com\/wp-content\/uploads\/2024\/12\/Classical-Curved-Bespoke-Silverware-Wholesale-Cutlery-Sets-6-600x600.webp 600w, https:\/\/www.flatwaresupplier.com\/wp-content\/uploads\/2024\/12\/Classical-Curved-Bespoke-Silverware-Wholesale-Cutlery-Sets-6-100x100.webp 100w\" sizes=\"auto, (max-width: 1000px) 100vw, 1000px\" \/><\/figure>\n<\/div>\n\n\n\n<div class=\"wp-block-column is-layout-flow wp-block-column-is-layout-flow\">\n<h2 class=\"wp-block-heading\">Various Options of Bespoke Silverware<\/h2>\n\n\n\n<ul class=\"wp-block-list\">\n<li><strong>Logo: <\/strong>Laser Engraving, Embossing, Label<\/li>\n\n\n\n<li><strong>Mat\u00e9riau :<\/strong> Stainless steel 13\/0 (410#), Stainless steel 18\/0 (430#), Stainless steel 18\/8 (304#)<\/li>\n\n\n\n<li><strong>Couleur :<\/strong> Argent, or, champagne, or rose, noir, arc-en-ciel, bleu fonc\u00e9<\/li>\n\n\n\n<li><strong>Polishing: <\/strong>Mirror Polish, Matte\/Brushed Polish, Stone Polish<\/li>\n\n\n\n<li><strong>Packing: <\/strong>PVC Bag, Color Box, Toothpaste Box, Gift Box, Backercard<\/li>\n<\/ul>\n<\/div>\n<\/div>","protected":false},"excerpt":{"rendered":"<p>Bulk purchase wholesale cutlery sets. Our factory-direct classic curved bespoke silverware perfectly combines elegance and practicality with its comfortable curved handle design, exquisite multiple polishing process and high-quality food-grade stainless steel. Supporting customization and free samples, it is an ideal choice for commercial or home dining.<\/p>\n<ul>\n<li><strong>Mod\u00e8le :<\/strong> FY-S656#<\/li>\n<li><strong>Fabricant :<\/strong> FANGYUAN Couverts<\/li>\n<li><strong>Cat\u00e9gorie de produits :<\/strong> Couverts sur mesure<\/li>\n<li><strong>MOQ :<\/strong> 10000 PCS PER ITEM<\/li>\n<\/ul>\n<table style=\"border-collapse: collapse; width: 363.02pt;\" border=\"0\" width=\"363\" cellspacing=\"0\" cellpadding=\"0\">\n<tbody>\n<tr style=\"height: 31.00pt;\">\n<td class=\"et2\" style=\"height: 31.00pt; width: 119.95pt;\" width=\"119\" height=\"31\">Sp\u00e9cifications<\/td>\n<td class=\"et3\" style=\"width: 122.50pt;\" width=\"122\">Dimension<br \/>\u00c9paisseur*Longueur (mm)<\/td>\n<td class=\"et4\" style=\"width: 120.80pt;\" width=\"120\">Poids brut (g)<\/td>\n<\/tr>\n<tr style=\"height: 15.20pt;\">\n<td style=\"height: 15.20pt;\" height=\"15\">Couteau de table<\/td>\n<td>6.0, 225<\/td>\n<td>80g<\/td>\n<\/tr>\n<tr style=\"height: 15.20pt;\">\n<td style=\"height: 15.20pt;\" height=\"15\">Cuill\u00e8re \u00e0 soupe<\/td>\n<td>2.5, 200<\/td>\n<td>46g<\/td>\n<\/tr>\n<tr style=\"height: 15.20pt;\">\n<td style=\"height: 15.20pt;\" height=\"15\">Fourchette \u00e0 d\u00eener<\/td>\n<td>2.5, 202<\/td>\n<td>39g<\/td>\n<\/tr>\n<tr style=\"height: 15.20pt;\">\n<td style=\"height: 15.20pt;\" height=\"15\">Cuill\u00e8re \u00e0 th\u00e9<\/td>\n<td>2.0, 140<\/td>\n<td>22g<\/td>\n<\/tr>\n<\/tbody>\n<\/table>","protected":false},"featured_media":954,"comment_status":"closed","ping_status":"closed","template":"","meta":{"_acf_changed":false},"product_brand":[],"product_cat":[23,15],"product_tag":[],"class_list":{"0":"post-672","1":"product","2":"type-product","3":"status-publish","4":"has-post-thumbnail","6":"product_cat-custom-flatware","7":"product_cat-flatware-supplier","9":"first","10":"instock","11":"shipping-taxable","12":"product-type-simple"},"acf":[],"_links":{"self":[{"href":"https:\/\/www.flatwaresupplier.com\/fr\/wp-json\/wp\/v2\/product\/672","targetHints":{"allow":["GET"]}}],"collection":[{"href":"https:\/\/www.flatwaresupplier.com\/fr\/wp-json\/wp\/v2\/product"}],"about":[{"href":"https:\/\/www.flatwaresupplier.com\/fr\/wp-json\/wp\/v2\/types\/product"}],"replies":[{"embeddable":true,"href":"https:\/\/www.flatwaresupplier.com\/fr\/wp-json\/wp\/v2\/comments?post=672"}],"wp:featuredmedia":[{"embeddable":true,"href":"https:\/\/www.flatwaresupplier.com\/fr\/wp-json\/wp\/v2\/media\/954"}],"wp:attachment":[{"href":"https:\/\/www.flatwaresupplier.com\/fr\/wp-json\/wp\/v2\/media?parent=672"}],"wp:term":[{"taxonomy":"product_brand","embeddable":true,"href":"https:\/\/www.flatwaresupplier.com\/fr\/wp-json\/wp\/v2\/product_brand?post=672"},{"taxonomy":"product_cat","embeddable":true,"href":"https:\/\/www.flatwaresupplier.com\/fr\/wp-json\/wp\/v2\/product_cat?post=672"},{"taxonomy":"product_tag","embeddable":true,"href":"https:\/\/www.flatwaresupplier.com\/fr\/wp-json\/wp\/v2\/product_tag?post=672"}],"curies":[{"name":"wp","href":"https:\/\/api.w.org\/{rel}","templated":true}]}}