{"id":386,"date":"2024-12-25T07:39:37","date_gmt":"2024-12-25T07:39:37","guid":{"rendered":"https:\/\/www.flatwaresupplier.com\/?post_type=product&#038;p=386"},"modified":"2025-10-07T07:57:54","modified_gmt":"2025-10-07T07:57:54","slug":"reusable-cutlery-set-bulk","status":"publish","type":"product","link":"https:\/\/www.flatwaresupplier.com\/fr\/product\/reusable-cutlery-set-bulk\/","title":{"rendered":"18\/8 Reusable Cutlery Set Bulk, OEM\/ODM Flatware for Wedding"},"content":{"rendered":"<div class=\"wp-block-columns is-layout-flex wp-container-core-columns-is-layout-9d6595d7 wp-block-columns-is-layout-flex\">\n<div class=\"wp-block-column is-layout-flow wp-block-column-is-layout-flow\">\n<h2 class=\"wp-block-heading\">Features of Reusable Cutlery Set Bulk<\/h2>\n\n\n\n<ul class=\"wp-block-list\">\n<li><strong>Modern and simple design: <\/strong>This reusable cutlery set bulk features slim, straight lines, presenting a minimalist modern aesthetic, which is very suitable for wedding occasions and high-end banquets.<\/li>\n\n\n\n<li><strong>Low MOQ:<\/strong> This wedding flatware wholesale is in sufficient stock, supports a minimum order quantity as low as 100 pieces, and has extremely fast delivery time, which is very suitable for small batch purchases and emergency orders.<\/li>\n\n\n\n<li><strong>18\/10 stainless steel material: <\/strong>Our reusable cutlery set bulk is made of 18\/10 high-quality stainless steel with a mirror polished surface. It can not only pass FDA certification, but also will not rust after long-term use, and is durable.<\/li>\n\n\n\n<li><strong>Full customization and free samples: <\/strong>Full customization, free samples: We are able to undertake all kinds of customization in shape, polishing process, color, LOGO, and packaging design for wedding flatware wholesale to meet different customers&#8217; personalized requirements and provide free samples.<\/li>\n<\/ul>\n<\/div>\n\n\n\n<div class=\"wp-block-column is-layout-flow wp-block-column-is-layout-flow\">\n<figure class=\"wp-block-image size-full\"><img loading=\"lazy\" decoding=\"async\" width=\"1000\" height=\"1000\" src=\"https:\/\/www.flatwaresupplier.com\/wp-content\/uploads\/2024\/12\/Reusable-Cutlery-Set-Bulk-188-Wedding-Flatware-Wholesale-2.webp\" alt=\"18\/8 Reusable Cutlery Set Bulk, OEM\/ODM Flatware for Wedding-2\" class=\"wp-image-394\" srcset=\"https:\/\/www.flatwaresupplier.com\/wp-content\/uploads\/2024\/12\/Reusable-Cutlery-Set-Bulk-188-Wedding-Flatware-Wholesale-2.webp 1000w, https:\/\/www.flatwaresupplier.com\/wp-content\/uploads\/2024\/12\/Reusable-Cutlery-Set-Bulk-188-Wedding-Flatware-Wholesale-2-300x300.webp 300w, https:\/\/www.flatwaresupplier.com\/wp-content\/uploads\/2024\/12\/Reusable-Cutlery-Set-Bulk-188-Wedding-Flatware-Wholesale-2-150x150.webp 150w, https:\/\/www.flatwaresupplier.com\/wp-content\/uploads\/2024\/12\/Reusable-Cutlery-Set-Bulk-188-Wedding-Flatware-Wholesale-2-768x768.webp 768w, https:\/\/www.flatwaresupplier.com\/wp-content\/uploads\/2024\/12\/Reusable-Cutlery-Set-Bulk-188-Wedding-Flatware-Wholesale-2-600x600.webp 600w, https:\/\/www.flatwaresupplier.com\/wp-content\/uploads\/2024\/12\/Reusable-Cutlery-Set-Bulk-188-Wedding-Flatware-Wholesale-2-100x100.webp 100w\" sizes=\"auto, (max-width: 1000px) 100vw, 1000px\" \/><\/figure>\n<\/div>\n<\/div>\n\n\n\n<div class=\"wp-block-columns is-layout-flex wp-container-core-columns-is-layout-9d6595d7 wp-block-columns-is-layout-flex\">\n<div class=\"wp-block-column is-layout-flow wp-block-column-is-layout-flow\">\n<figure class=\"wp-block-image size-full\"><img loading=\"lazy\" decoding=\"async\" width=\"1000\" height=\"1000\" src=\"https:\/\/www.flatwaresupplier.com\/wp-content\/uploads\/2024\/12\/Reusable-Cutlery-Set-Bulk-188-Wedding-Flatware-Wholesale-6.webp\" alt=\"Reusable Cutlery Set Bulk, 18:8 Wedding Flatware Wholesale-6\" class=\"wp-image-398\" srcset=\"https:\/\/www.flatwaresupplier.com\/wp-content\/uploads\/2024\/12\/Reusable-Cutlery-Set-Bulk-188-Wedding-Flatware-Wholesale-6.webp 1000w, https:\/\/www.flatwaresupplier.com\/wp-content\/uploads\/2024\/12\/Reusable-Cutlery-Set-Bulk-188-Wedding-Flatware-Wholesale-6-300x300.webp 300w, https:\/\/www.flatwaresupplier.com\/wp-content\/uploads\/2024\/12\/Reusable-Cutlery-Set-Bulk-188-Wedding-Flatware-Wholesale-6-150x150.webp 150w, https:\/\/www.flatwaresupplier.com\/wp-content\/uploads\/2024\/12\/Reusable-Cutlery-Set-Bulk-188-Wedding-Flatware-Wholesale-6-768x768.webp 768w, https:\/\/www.flatwaresupplier.com\/wp-content\/uploads\/2024\/12\/Reusable-Cutlery-Set-Bulk-188-Wedding-Flatware-Wholesale-6-600x600.webp 600w, https:\/\/www.flatwaresupplier.com\/wp-content\/uploads\/2024\/12\/Reusable-Cutlery-Set-Bulk-188-Wedding-Flatware-Wholesale-6-100x100.webp 100w\" sizes=\"auto, (max-width: 1000px) 100vw, 1000px\" \/><\/figure>\n<\/div>\n\n\n\n<div class=\"wp-block-column is-layout-flow wp-block-column-is-layout-flow\">\n<h2 class=\"wp-block-heading\">Custom Option for Reusable Cutlery Set Bulk<\/h2>\n\n\n\n<ul class=\"wp-block-list\">\n<li><strong>Logo: <\/strong>Laser Engraving, Embossing, Label<\/li>\n\n\n\n<li><strong>Mat\u00e9riau :<\/strong> Stainless steel 13\/0 (410#), Stainless steel 18\/0 (430#), Stainless steel 18\/8 (304#)<\/li>\n\n\n\n<li><strong>Couleur :<\/strong> Argent, or, champagne, or rose, noir, arc-en-ciel, bleu fonc\u00e9<\/li>\n\n\n\n<li><strong>Polishing: <\/strong>Mirror Polish, Matte\/Brushed Polish, Stone Polish<\/li>\n\n\n\n<li><strong>Packing: <\/strong>PVC Bag, Color Box, Toothpaste Box, Gift Box, Backercard<\/li>\n<\/ul>\n<\/div>\n<\/div>","protected":false},"excerpt":{"rendered":"<p>Bulk purchase wholesale flatware sets for weddings. This modern design 18\/10 stainless steel reusable cutlery set bulk combines simple beauty and high-end quality, which is ideal for weddings, banquets and daily dining. Low MOQ is in stock and fast delivery meets urgent needs. With comprehensive customization options and free sampling services, we ensure you have the ideal tableware solution for your brand and event needs.<\/p>\n<ul>\n<li><strong>Mod\u00e8le : <\/strong> FY-K02#<\/li>\n<li><strong>Fabricant :<\/strong> FANGYUAN Couverts<\/li>\n<li><strong>Couleur :<\/strong> Argent, or, champagne, or rose, noir, arc-en-ciel, bleu fonc\u00e9<\/li>\n<li><strong>Mat\u00e9riau :<\/strong> Acier inoxydable 18\/8 (304#)<\/li>\n<li><strong>Cat\u00e9gorie de produits :<\/strong> Couverts pr\u00eats \u00e0 l'emploi<\/li>\n<li><strong>MOQ :<\/strong> 100 PI\u00c8CES PAR ARTICLE<\/li>\n<\/ul>\n<table style=\"border-collapse: collapse; width: 363.02pt;\" border=\"0\" width=\"363\" cellspacing=\"0\" cellpadding=\"0\">\n<tbody>\n<tr style=\"height: 31.00pt;\">\n<td class=\"et2\" style=\"height: 31.00pt; width: 119.95pt;\" width=\"119\" height=\"31\">Sp\u00e9cifications<\/td>\n<td class=\"et3\" style=\"width: 122.50pt;\" width=\"122\">Dimension<br \/>\u00c9paisseur*Longueur (mm)<\/td>\n<td class=\"et4\" style=\"width: 120.80pt;\" width=\"120\">Poids brut (g)<\/td>\n<\/tr>\n<tr style=\"height: 15.20pt;\">\n<td style=\"height: 15.20pt;\" height=\"15\">Couteau de table<\/td>\n<td>7.0, 230<\/td>\n<td>75g<\/td>\n<\/tr>\n<tr style=\"height: 15.20pt;\">\n<td style=\"height: 15.20pt;\" height=\"15\">Cuill\u00e8re \u00e0 soupe<\/td>\n<td>6.0, 220<\/td>\n<td>70g<\/td>\n<\/tr>\n<tr style=\"height: 15.20pt;\">\n<td style=\"height: 15.20pt;\" height=\"15\">Fourchette \u00e0 d\u00eener<\/td>\n<td>6.0, 220<\/td>\n<td>55g<\/td>\n<\/tr>\n<tr style=\"height: 15.20pt;\">\n<td style=\"height: 15.20pt;\" height=\"15\">Cuill\u00e8re \u00e0 th\u00e9<\/td>\n<td>4.0, 153<\/td>\n<td>26.5g<\/td>\n<\/tr>\n<\/tbody>\n<\/table>","protected":false},"featured_media":972,"comment_status":"closed","ping_status":"closed","template":"","meta":{"_acf_changed":false},"product_brand":[],"product_cat":[24,15],"product_tag":[40],"class_list":{"0":"post-386","1":"product","2":"type-product","3":"status-publish","4":"has-post-thumbnail","6":"product_cat-flatware-wholesale","7":"product_cat-flatware-supplier","8":"product_tag-mirror-polish-flatware-bulk","10":"first","11":"instock","12":"shipping-taxable","13":"product-type-simple"},"acf":[],"_links":{"self":[{"href":"https:\/\/www.flatwaresupplier.com\/fr\/wp-json\/wp\/v2\/product\/386","targetHints":{"allow":["GET"]}}],"collection":[{"href":"https:\/\/www.flatwaresupplier.com\/fr\/wp-json\/wp\/v2\/product"}],"about":[{"href":"https:\/\/www.flatwaresupplier.com\/fr\/wp-json\/wp\/v2\/types\/product"}],"replies":[{"embeddable":true,"href":"https:\/\/www.flatwaresupplier.com\/fr\/wp-json\/wp\/v2\/comments?post=386"}],"wp:featuredmedia":[{"embeddable":true,"href":"https:\/\/www.flatwaresupplier.com\/fr\/wp-json\/wp\/v2\/media\/972"}],"wp:attachment":[{"href":"https:\/\/www.flatwaresupplier.com\/fr\/wp-json\/wp\/v2\/media?parent=386"}],"wp:term":[{"taxonomy":"product_brand","embeddable":true,"href":"https:\/\/www.flatwaresupplier.com\/fr\/wp-json\/wp\/v2\/product_brand?post=386"},{"taxonomy":"product_cat","embeddable":true,"href":"https:\/\/www.flatwaresupplier.com\/fr\/wp-json\/wp\/v2\/product_cat?post=386"},{"taxonomy":"product_tag","embeddable":true,"href":"https:\/\/www.flatwaresupplier.com\/fr\/wp-json\/wp\/v2\/product_tag?post=386"}],"curies":[{"name":"wp","href":"https:\/\/api.w.org\/{rel}","templated":true}]}}