{"id":306,"date":"2024-12-24T09:18:06","date_gmt":"2024-12-24T09:18:06","guid":{"rendered":"https:\/\/www.flatwaresupplier.com\/?post_type=product&#038;p=306"},"modified":"2025-10-21T10:02:17","modified_gmt":"2025-10-21T10:02:17","slug":"restaurant-flatware-wholesale","status":"publish","type":"product","link":"https:\/\/www.flatwaresupplier.com\/fr\/product\/restaurant-flatware-wholesale\/","title":{"rendered":"Restaurant Flatware Wholesale, Wave Forged Knife Fork Spoon"},"content":{"rendered":"<div class=\"wp-block-columns is-layout-flex wp-container-core-columns-is-layout-9d6595d7 wp-block-columns-is-layout-flex\">\n<div class=\"wp-block-column is-layout-flow wp-block-column-is-layout-flow\">\n<h2 class=\"wp-block-heading\">Features of Restaurant Flatware Wholesale<\/h2>\n\n\n\n<ul class=\"wp-block-list\">\n<li><strong>Forged Heavy Duty Design: <\/strong>This restaurant flatware wholesale adopts forging technology with a heavy handle, keeps it strong and durable for bearing weight. The highly processed forging technology will facilitate the quality and strength of tableware, making it worth spending money on because it&#8217;s very durable for long usage.<\/li>\n\n\n\n<li><strong>Low MOQ:<\/strong> This wholesale stainless steel flatware enjoys a very low MOQ, only 100 pieces for bulk buying. The advantage of fast delivery makes it particularly suitable for commercial users such as restaurants and hotels that need short-term supply.<\/li>\n\n\n\n<li><strong>Royal Five-Star Quality: <\/strong>This restaurant flatware wholesale is designed with an elegant and exquisite shape, which is very suitable to be used in five-star hotels, restaurants, or solemn occasions. Its high-class appearance and excellent quality will improve your dining experience, adding nobility and elegance to your place.<\/li>\n\n\n\n<li><strong>Full Customization and Free Samples:<\/strong> We are capable of offering fully customized service for wholesale stainless steel flatware, including custom shape, custom polishing, custom color, custom LOGO, and custom packaging. Free samples are available.<\/li>\n<\/ul>\n<\/div>\n\n\n\n<div class=\"wp-block-column is-layout-flow wp-block-column-is-layout-flow\">\n<figure class=\"wp-block-image size-full\"><img loading=\"lazy\" decoding=\"async\" width=\"1000\" height=\"1000\" src=\"https:\/\/www.flatwaresupplier.com\/wp-content\/uploads\/2024\/12\/Restaurant-Flatware-Wholesale-304-Stainless-Steel-188-Silverware-2.webp\" alt=\"Couverts de restaurant en gros, Acier inoxydable 304 18:8 Argenterie-2\" class=\"wp-image-308\" srcset=\"https:\/\/www.flatwaresupplier.com\/wp-content\/uploads\/2024\/12\/Restaurant-Flatware-Wholesale-304-Stainless-Steel-188-Silverware-2.webp 1000w, https:\/\/www.flatwaresupplier.com\/wp-content\/uploads\/2024\/12\/Restaurant-Flatware-Wholesale-304-Stainless-Steel-188-Silverware-2-300x300.webp 300w, https:\/\/www.flatwaresupplier.com\/wp-content\/uploads\/2024\/12\/Restaurant-Flatware-Wholesale-304-Stainless-Steel-188-Silverware-2-150x150.webp 150w, https:\/\/www.flatwaresupplier.com\/wp-content\/uploads\/2024\/12\/Restaurant-Flatware-Wholesale-304-Stainless-Steel-188-Silverware-2-768x768.webp 768w, https:\/\/www.flatwaresupplier.com\/wp-content\/uploads\/2024\/12\/Restaurant-Flatware-Wholesale-304-Stainless-Steel-188-Silverware-2-600x600.webp 600w, https:\/\/www.flatwaresupplier.com\/wp-content\/uploads\/2024\/12\/Restaurant-Flatware-Wholesale-304-Stainless-Steel-188-Silverware-2-100x100.webp 100w\" sizes=\"auto, (max-width: 1000px) 100vw, 1000px\" \/><\/figure>\n<\/div>\n<\/div>\n\n\n\n<div class=\"wp-block-columns is-layout-flex wp-container-core-columns-is-layout-9d6595d7 wp-block-columns-is-layout-flex\">\n<div class=\"wp-block-column is-layout-flow wp-block-column-is-layout-flow\">\n<figure class=\"wp-block-image size-full\"><img loading=\"lazy\" decoding=\"async\" width=\"1000\" height=\"1000\" src=\"https:\/\/www.flatwaresupplier.com\/wp-content\/uploads\/2024\/12\/Restaurant-Flatware-Wholesale-304-Stainless-Steel-188-Silverware-6.webp\" alt=\"Restaurant Flatware Wholesale, 304 Stainless Steel 18:8 Silverware-6\" class=\"wp-image-312\" srcset=\"https:\/\/www.flatwaresupplier.com\/wp-content\/uploads\/2024\/12\/Restaurant-Flatware-Wholesale-304-Stainless-Steel-188-Silverware-6.webp 1000w, https:\/\/www.flatwaresupplier.com\/wp-content\/uploads\/2024\/12\/Restaurant-Flatware-Wholesale-304-Stainless-Steel-188-Silverware-6-300x300.webp 300w, https:\/\/www.flatwaresupplier.com\/wp-content\/uploads\/2024\/12\/Restaurant-Flatware-Wholesale-304-Stainless-Steel-188-Silverware-6-150x150.webp 150w, https:\/\/www.flatwaresupplier.com\/wp-content\/uploads\/2024\/12\/Restaurant-Flatware-Wholesale-304-Stainless-Steel-188-Silverware-6-768x768.webp 768w, https:\/\/www.flatwaresupplier.com\/wp-content\/uploads\/2024\/12\/Restaurant-Flatware-Wholesale-304-Stainless-Steel-188-Silverware-6-600x600.webp 600w, https:\/\/www.flatwaresupplier.com\/wp-content\/uploads\/2024\/12\/Restaurant-Flatware-Wholesale-304-Stainless-Steel-188-Silverware-6-100x100.webp 100w\" sizes=\"auto, (max-width: 1000px) 100vw, 1000px\" \/><\/figure>\n<\/div>\n\n\n\n<div class=\"wp-block-column is-layout-flow wp-block-column-is-layout-flow\">\n<h2 class=\"wp-block-heading\">Custom Option for Restaurant Flatware Wholesale<\/h2>\n\n\n\n<ul class=\"wp-block-list\">\n<li><strong>Logo: <\/strong>Laser Engraving, Embossing, Label<\/li>\n\n\n\n<li><strong>Mat\u00e9riau :<\/strong> Stainless steel 13\/0 (410#), Stainless steel 18\/0 (430#), Stainless steel 18\/8 (304#)<\/li>\n\n\n\n<li><strong>Couleur :<\/strong> Argent, or, champagne, or rose, noir, arc-en-ciel, bleu fonc\u00e9<\/li>\n\n\n\n<li><strong>Polishing: <\/strong>Mirror Polish, Matte\/Brushed Polish, Stone Polish<\/li>\n\n\n\n<li><strong>Packing: <\/strong>PVC Bag, Color Box, Toothpaste Box, Gift Box, Backercard<\/li>\n<\/ul>\n<\/div>\n<\/div>","protected":false},"excerpt":{"rendered":"<p>Welcome to bulk buy flatware sets. Our 18\/0 wave-textured restaurant flatware wholesale adopts a forged heavy-duty design, which are durable for long-time use. Low MOQ and fast shipping, specially suitable for restaurants, hotels, and other places. Its royal five-star quality design is very suitable to be used in high-class catering and formal occasions.<\/p>\n<ul>\n<li><strong>Mod\u00e8le :<\/strong> FY-S003D#<\/li>\n<li><strong>Fabricant :<\/strong> FANGYUAN Couverts<\/li>\n<li><strong>Couleur :<\/strong> Argent, or, champagne, or rose, noir, arc-en-ciel, bleu fonc\u00e9<\/li>\n<li><strong>Mat\u00e9riau :<\/strong> Stainless steel 18\/0 (430#)<\/li>\n<li><strong>Cat\u00e9gorie de produits :<\/strong> Couverts pr\u00eats \u00e0 l'emploi<\/li>\n<li><strong>MOQ :<\/strong> 100 PI\u00c8CES PAR ARTICLE<\/li>\n<\/ul>\n<table style=\"border-collapse: collapse; width: 363.02pt;\" border=\"0\" width=\"363\" cellspacing=\"0\" cellpadding=\"0\">\n<tbody>\n<tr style=\"height: 31.00pt;\">\n<td class=\"et2\" style=\"height: 31.00pt; width: 119.95pt;\" width=\"119\" height=\"31\">Sp\u00e9cifications<\/td>\n<td class=\"et3\" style=\"width: 122.50pt;\" width=\"122\">Dimension<br \/>\u00c9paisseur*Longueur (mm)<\/td>\n<td class=\"et4\" style=\"width: 120.80pt;\" width=\"120\">Poids brut (g)<\/td>\n<\/tr>\n<tr style=\"height: 15.20pt;\">\n<td style=\"height: 15.20pt;\" height=\"15\">Couteau de table<\/td>\n<td>8.0, 237<\/td>\n<td>109g<\/td>\n<\/tr>\n<tr style=\"height: 15.20pt;\">\n<td style=\"height: 15.20pt;\" height=\"15\">Cuill\u00e8re \u00e0 soupe<\/td>\n<td>6.0, 198<\/td>\n<td>78g<\/td>\n<\/tr>\n<tr style=\"height: 15.20pt;\">\n<td style=\"height: 15.20pt;\" height=\"15\">Fourchette \u00e0 d\u00eener<\/td>\n<td>6.0, 205<\/td>\n<td>70g<\/td>\n<\/tr>\n<tr style=\"height: 15.20pt;\">\n<td style=\"height: 15.20pt;\" height=\"15\">Cuill\u00e8re \u00e0 th\u00e9<\/td>\n<td>5.5, 148<\/td>\n<td>42g<\/td>\n<\/tr>\n<\/tbody>\n<\/table>","protected":false},"featured_media":973,"comment_status":"closed","ping_status":"closed","template":"","meta":{"_acf_changed":false},"product_brand":[],"product_cat":[24,15],"product_tag":[40],"class_list":{"0":"post-306","1":"product","2":"type-product","3":"status-publish","4":"has-post-thumbnail","6":"product_cat-flatware-wholesale","7":"product_cat-flatware-supplier","8":"product_tag-mirror-polish-flatware-bulk","10":"first","11":"instock","12":"shipping-taxable","13":"product-type-simple"},"acf":[],"_links":{"self":[{"href":"https:\/\/www.flatwaresupplier.com\/fr\/wp-json\/wp\/v2\/product\/306","targetHints":{"allow":["GET"]}}],"collection":[{"href":"https:\/\/www.flatwaresupplier.com\/fr\/wp-json\/wp\/v2\/product"}],"about":[{"href":"https:\/\/www.flatwaresupplier.com\/fr\/wp-json\/wp\/v2\/types\/product"}],"replies":[{"embeddable":true,"href":"https:\/\/www.flatwaresupplier.com\/fr\/wp-json\/wp\/v2\/comments?post=306"}],"wp:featuredmedia":[{"embeddable":true,"href":"https:\/\/www.flatwaresupplier.com\/fr\/wp-json\/wp\/v2\/media\/973"}],"wp:attachment":[{"href":"https:\/\/www.flatwaresupplier.com\/fr\/wp-json\/wp\/v2\/media?parent=306"}],"wp:term":[{"taxonomy":"product_brand","embeddable":true,"href":"https:\/\/www.flatwaresupplier.com\/fr\/wp-json\/wp\/v2\/product_brand?post=306"},{"taxonomy":"product_cat","embeddable":true,"href":"https:\/\/www.flatwaresupplier.com\/fr\/wp-json\/wp\/v2\/product_cat?post=306"},{"taxonomy":"product_tag","embeddable":true,"href":"https:\/\/www.flatwaresupplier.com\/fr\/wp-json\/wp\/v2\/product_tag?post=306"}],"curies":[{"name":"wp","href":"https:\/\/api.w.org\/{rel}","templated":true}]}}