{"id":1598,"date":"2025-02-26T02:28:43","date_gmt":"2025-02-26T02:28:43","guid":{"rendered":"https:\/\/www.flatwaresupplier.com\/?post_type=product&#038;p=1598"},"modified":"2025-10-07T07:54:18","modified_gmt":"2025-10-07T07:54:18","slug":"restaurant-cutlery-wholesale","status":"publish","type":"product","link":"https:\/\/www.flatwaresupplier.com\/fr\/product\/restaurant-cutlery-wholesale\/","title":{"rendered":"Mirror Polish Restaurant Cutlery Wholesale, LFGB Certified"},"content":{"rendered":"<div class=\"wp-block-columns is-layout-flex wp-container-core-columns-is-layout-9d6595d7 wp-block-columns-is-layout-flex\">\n<div class=\"wp-block-column is-layout-flow wp-block-column-is-layout-flow\">\n<h2 class=\"wp-block-heading\">Features of Restaurant Cutlery Wholesale<\/h2>\n\n\n\n<ul class=\"wp-block-list\">\n<li><strong>Retro and unique:<\/strong> The handle of this restaurant cutlery wholesale set incorporates a distinctive hemp rope texture design that is retro and cool, giving the tableware its own unique appearance, suited to restaurants or commercial settings that need bespoke style, and further enhances the dining experience.<\/li>\n\n\n\n<li><strong>Smooth handles and edges: <\/strong>The hemp rope texture handles and edges of these commercial flatware sets are finely polished, feel smooth and delicate, have no burrs, and are safe and comfortable to use.<\/li>\n\n\n\n<li><strong>Durable and rust-proof: <\/strong>Our restaurant cutlery wholesale set is made of high-quality food-grade stainless steel, which is rust-proof and corrosion-resistant, durable, suitable for high-frequency commercial environments, reducing long-term replacement costs, and is extremely cost-effective.<\/li>\n\n\n\n<li><strong>Customized service &amp; free samples: <\/strong>Our commercial flatware sets support full customization services, including shape, polishing, color, LOGO and packaging. We also provide free samples to ensure that you purchase the most suitable tableware.<\/li>\n<\/ul>\n<\/div>\n\n\n\n<div class=\"wp-block-column is-layout-flow wp-block-column-is-layout-flow\">\n<figure class=\"wp-block-image size-full\"><img loading=\"lazy\" decoding=\"async\" width=\"1200\" height=\"1200\" src=\"https:\/\/www.flatwaresupplier.com\/wp-content\/uploads\/2025\/02\/Glossy-Restaurant-Cutlery-Wholesale-Commercial-Flatware-Sets-2.webp\" alt=\"Mirror Polish Restaurant Cutlery Wholesale, LFGB Certified-2\" class=\"wp-image-1600\" srcset=\"https:\/\/www.flatwaresupplier.com\/wp-content\/uploads\/2025\/02\/Glossy-Restaurant-Cutlery-Wholesale-Commercial-Flatware-Sets-2.webp 1200w, https:\/\/www.flatwaresupplier.com\/wp-content\/uploads\/2025\/02\/Glossy-Restaurant-Cutlery-Wholesale-Commercial-Flatware-Sets-2-300x300.webp 300w, https:\/\/www.flatwaresupplier.com\/wp-content\/uploads\/2025\/02\/Glossy-Restaurant-Cutlery-Wholesale-Commercial-Flatware-Sets-2-150x150.webp 150w, https:\/\/www.flatwaresupplier.com\/wp-content\/uploads\/2025\/02\/Glossy-Restaurant-Cutlery-Wholesale-Commercial-Flatware-Sets-2-768x768.webp 768w, https:\/\/www.flatwaresupplier.com\/wp-content\/uploads\/2025\/02\/Glossy-Restaurant-Cutlery-Wholesale-Commercial-Flatware-Sets-2-12x12.webp 12w, https:\/\/www.flatwaresupplier.com\/wp-content\/uploads\/2025\/02\/Glossy-Restaurant-Cutlery-Wholesale-Commercial-Flatware-Sets-2-600x600.webp 600w, https:\/\/www.flatwaresupplier.com\/wp-content\/uploads\/2025\/02\/Glossy-Restaurant-Cutlery-Wholesale-Commercial-Flatware-Sets-2-100x100.webp 100w\" sizes=\"auto, (max-width: 1200px) 100vw, 1200px\" \/><\/figure>\n<\/div>\n<\/div>\n\n\n\n<div class=\"wp-block-columns is-layout-flex wp-container-core-columns-is-layout-9d6595d7 wp-block-columns-is-layout-flex\">\n<div class=\"wp-block-column is-layout-flow wp-block-column-is-layout-flow\">\n<figure class=\"wp-block-image size-full\"><img loading=\"lazy\" decoding=\"async\" width=\"1200\" height=\"1200\" src=\"https:\/\/www.flatwaresupplier.com\/wp-content\/uploads\/2025\/02\/Glossy-Restaurant-Cutlery-Wholesale-Commercial-Flatware-Sets-6.webp\" alt=\"Glossy Restaurant Cutlery Wholesale, Commercial Flatware Sets-6\" class=\"wp-image-1604\" srcset=\"https:\/\/www.flatwaresupplier.com\/wp-content\/uploads\/2025\/02\/Glossy-Restaurant-Cutlery-Wholesale-Commercial-Flatware-Sets-6.webp 1200w, https:\/\/www.flatwaresupplier.com\/wp-content\/uploads\/2025\/02\/Glossy-Restaurant-Cutlery-Wholesale-Commercial-Flatware-Sets-6-300x300.webp 300w, https:\/\/www.flatwaresupplier.com\/wp-content\/uploads\/2025\/02\/Glossy-Restaurant-Cutlery-Wholesale-Commercial-Flatware-Sets-6-150x150.webp 150w, https:\/\/www.flatwaresupplier.com\/wp-content\/uploads\/2025\/02\/Glossy-Restaurant-Cutlery-Wholesale-Commercial-Flatware-Sets-6-768x768.webp 768w, https:\/\/www.flatwaresupplier.com\/wp-content\/uploads\/2025\/02\/Glossy-Restaurant-Cutlery-Wholesale-Commercial-Flatware-Sets-6-12x12.webp 12w, https:\/\/www.flatwaresupplier.com\/wp-content\/uploads\/2025\/02\/Glossy-Restaurant-Cutlery-Wholesale-Commercial-Flatware-Sets-6-600x600.webp 600w, https:\/\/www.flatwaresupplier.com\/wp-content\/uploads\/2025\/02\/Glossy-Restaurant-Cutlery-Wholesale-Commercial-Flatware-Sets-6-100x100.webp 100w\" sizes=\"auto, (max-width: 1200px) 100vw, 1200px\" \/><\/figure>\n<\/div>\n\n\n\n<div class=\"wp-block-column is-layout-flow wp-block-column-is-layout-flow\">\n<h2 class=\"wp-block-heading\">Various Custom Options of Restaurant Cutlery Wholesale<\/h2>\n\n\n\n<ul class=\"wp-block-list\">\n<li><strong>Logo: <\/strong>Laser Engraving, Embossing, Label<\/li>\n\n\n\n<li><strong>Mat\u00e9riau :<\/strong> Stainless steel 13\/0 (410#), Stainless steel 18\/0 (430#), Stainless steel 18\/8 (304#)<\/li>\n\n\n\n<li><strong>Couleur :<\/strong> Argent, or, champagne, or rose, noir, arc-en-ciel, bleu fonc\u00e9<\/li>\n\n\n\n<li><strong>Polishing: <\/strong>Mirror Polish, Matte\/Brushed Polish, Stone Polish<\/li>\n\n\n\n<li><strong>Packing: <\/strong>PVC Bag, Color Box, Toothpaste Box, Gift Box, Backercard<\/li>\n<\/ul>\n<\/div>\n<\/div>\n\n\n\n<p><\/p>","protected":false},"excerpt":{"rendered":"<p>Welcome to purchase commercial flatware sets. This high-gloss restaurant cutlery wholesale is designed for commercial use. It has a retro and unique hemp rope texture handle. Not just fashionable, it has also been polished carefully, smooth and burr-free, and safe and harmless.<\/p>\n<ul>\n<li><strong>Mod\u00e8le :<\/strong> FY-S731-A#<\/li>\n<li><strong>Fabricant :<\/strong> FANGYUAN Couverts<\/li>\n<li><strong>Cat\u00e9gorie de produits :<\/strong> Couverts sur mesure<\/li>\n<li><strong>MOQ :<\/strong> 10000 PCS PER ITEM<\/li>\n<\/ul>\n<table style=\"border-collapse: collapse; width: 363.02pt;\" border=\"0\" width=\"363\" cellspacing=\"0\" cellpadding=\"0\">\n<tbody>\n<tr style=\"height: 31.00pt;\">\n<td class=\"et2\" style=\"height: 31.00pt; width: 119.95pt;\" width=\"119\" height=\"31\">Sp\u00e9cifications<\/td>\n<td class=\"et3\" style=\"width: 122.50pt;\" width=\"122\">Dimension<br \/>\u00c9paisseur*Longueur (mm)<\/td>\n<td class=\"et4\" style=\"width: 120.80pt;\" width=\"120\">Poids brut (g)<\/td>\n<\/tr>\n<tr style=\"height: 15.20pt;\">\n<td style=\"height: 15.20pt;\" height=\"15\">Couteau de table<\/td>\n<td>6.0, 230<\/td>\n<td>95g<\/td>\n<\/tr>\n<tr style=\"height: 15.20pt;\">\n<td style=\"height: 15.20pt;\" height=\"15\">Cuill\u00e8re \u00e0 soupe<\/td>\n<td>2.5, 203<\/td>\n<td>55g<\/td>\n<\/tr>\n<tr style=\"height: 15.20pt;\">\n<td style=\"height: 15.20pt;\" height=\"15\">Fourchette \u00e0 d\u00eener<\/td>\n<td>2.5, 203<\/td>\n<td>49g<\/td>\n<\/tr>\n<tr style=\"height: 15.20pt;\">\n<td style=\"height: 15.20pt;\" height=\"15\">Cuill\u00e8re \u00e0 th\u00e9<\/td>\n<td>2.0, 177<\/td>\n<td>31g<\/td>\n<\/tr>\n<tr style=\"height: 15.20pt;\">\n<td style=\"height: 15.20pt;\" height=\"15\">Fourchette \u00e0 salade<\/td>\n<td>2.0, 170<\/td>\n<td>28g<\/td>\n<\/tr>\n<\/tbody>\n<\/table>","protected":false},"featured_media":1599,"comment_status":"closed","ping_status":"closed","template":"","meta":{"_acf_changed":false},"product_brand":[],"product_cat":[23,15],"product_tag":[],"class_list":{"0":"post-1598","1":"product","2":"type-product","3":"status-publish","4":"has-post-thumbnail","6":"product_cat-custom-flatware","7":"product_cat-flatware-supplier","9":"first","10":"instock","11":"shipping-taxable","12":"product-type-simple"},"acf":[],"_links":{"self":[{"href":"https:\/\/www.flatwaresupplier.com\/fr\/wp-json\/wp\/v2\/product\/1598","targetHints":{"allow":["GET"]}}],"collection":[{"href":"https:\/\/www.flatwaresupplier.com\/fr\/wp-json\/wp\/v2\/product"}],"about":[{"href":"https:\/\/www.flatwaresupplier.com\/fr\/wp-json\/wp\/v2\/types\/product"}],"replies":[{"embeddable":true,"href":"https:\/\/www.flatwaresupplier.com\/fr\/wp-json\/wp\/v2\/comments?post=1598"}],"wp:featuredmedia":[{"embeddable":true,"href":"https:\/\/www.flatwaresupplier.com\/fr\/wp-json\/wp\/v2\/media\/1599"}],"wp:attachment":[{"href":"https:\/\/www.flatwaresupplier.com\/fr\/wp-json\/wp\/v2\/media?parent=1598"}],"wp:term":[{"taxonomy":"product_brand","embeddable":true,"href":"https:\/\/www.flatwaresupplier.com\/fr\/wp-json\/wp\/v2\/product_brand?post=1598"},{"taxonomy":"product_cat","embeddable":true,"href":"https:\/\/www.flatwaresupplier.com\/fr\/wp-json\/wp\/v2\/product_cat?post=1598"},{"taxonomy":"product_tag","embeddable":true,"href":"https:\/\/www.flatwaresupplier.com\/fr\/wp-json\/wp\/v2\/product_tag?post=1598"}],"curies":[{"name":"wp","href":"https:\/\/api.w.org\/{rel}","templated":true}]}}