{"id":1584,"date":"2025-02-26T01:39:51","date_gmt":"2025-02-26T01:39:51","guid":{"rendered":"https:\/\/www.flatwaresupplier.com\/?post_type=product&#038;p=1584"},"modified":"2025-10-07T07:54:18","modified_gmt":"2025-10-07T07:54:18","slug":"rose-gold-silverware-bulk","status":"publish","type":"product","link":"https:\/\/www.flatwaresupplier.com\/fr\/product\/rose-gold-silverware-bulk\/","title":{"rendered":"Matte Rose Gold Silverware Bulk, Gradient Flatware Wholesale"},"content":{"rendered":"<div class=\"wp-block-columns is-layout-flex wp-container-core-columns-is-layout-9d6595d7 wp-block-columns-is-layout-flex\">\n<div class=\"wp-block-column is-layout-flow wp-block-column-is-layout-flow\">\n<h2 class=\"wp-block-heading\">Features of Rose Gold Silverware Bulk<\/h2>\n\n\n\n<ul class=\"wp-block-list\">\n<li><strong>Diverse surface treatments: <\/strong>Our rose gold silverware bulk comes in two different surface finishes, gloss and mat. Gloss is high-quality, while mat is subtle and elegant in multiple gradient shades.<\/li>\n\n\n\n<li><strong>Durable and rust-proof: <\/strong>Top-grade stainless steel is adopted in these rose gold flatware wholesale, which is long-lasting and robust, anti-rust and non-corrosive. It will be hard for it to be deformed or colored after prolonged usage, suitable for home customary usage or bulk wholesale business ordering.<\/li>\n\n\n\n<li><strong>Dishwashable design: <\/strong>Our rose gold silverware bulk has been designed exclusively and is dish washer friendly. It can be washed easily and quickly without scratching the surface coating, time and energy-saving.<\/li>\n\n\n\n<li><strong>Comfortable grip: <\/strong>These rose gold flatware wholesale adopt ergonomic traditional handle shape, thin lines, easy grip, convenient handling, appropriate for long banquets or large occasions.<\/li>\n<\/ul>\n<\/div>\n\n\n\n<div class=\"wp-block-column is-layout-flow wp-block-column-is-layout-flow\">\n<figure class=\"wp-block-image size-full\"><img loading=\"lazy\" decoding=\"async\" width=\"1200\" height=\"1200\" src=\"https:\/\/www.flatwaresupplier.com\/wp-content\/uploads\/2025\/02\/Rose-Gold-Silverware-Bulk-Matte-Gold-Flatware-Set-Wholesale-3.webp\" alt=\"Matte Rose Gold Silverware Bulk, Gradient Flatware Wholesale-1\" class=\"wp-image-1587\" srcset=\"https:\/\/www.flatwaresupplier.com\/wp-content\/uploads\/2025\/02\/Rose-Gold-Silverware-Bulk-Matte-Gold-Flatware-Set-Wholesale-3.webp 1200w, https:\/\/www.flatwaresupplier.com\/wp-content\/uploads\/2025\/02\/Rose-Gold-Silverware-Bulk-Matte-Gold-Flatware-Set-Wholesale-3-300x300.webp 300w, https:\/\/www.flatwaresupplier.com\/wp-content\/uploads\/2025\/02\/Rose-Gold-Silverware-Bulk-Matte-Gold-Flatware-Set-Wholesale-3-150x150.webp 150w, https:\/\/www.flatwaresupplier.com\/wp-content\/uploads\/2025\/02\/Rose-Gold-Silverware-Bulk-Matte-Gold-Flatware-Set-Wholesale-3-768x768.webp 768w, https:\/\/www.flatwaresupplier.com\/wp-content\/uploads\/2025\/02\/Rose-Gold-Silverware-Bulk-Matte-Gold-Flatware-Set-Wholesale-3-12x12.webp 12w, https:\/\/www.flatwaresupplier.com\/wp-content\/uploads\/2025\/02\/Rose-Gold-Silverware-Bulk-Matte-Gold-Flatware-Set-Wholesale-3-600x600.webp 600w, https:\/\/www.flatwaresupplier.com\/wp-content\/uploads\/2025\/02\/Rose-Gold-Silverware-Bulk-Matte-Gold-Flatware-Set-Wholesale-3-100x100.webp 100w\" sizes=\"auto, (max-width: 1200px) 100vw, 1200px\" \/><\/figure>\n<\/div>\n<\/div>\n\n\n\n<div class=\"wp-block-columns is-layout-flex wp-container-core-columns-is-layout-9d6595d7 wp-block-columns-is-layout-flex\">\n<div class=\"wp-block-column is-layout-flow wp-block-column-is-layout-flow\">\n<figure class=\"wp-block-image size-full\"><img loading=\"lazy\" decoding=\"async\" width=\"1200\" height=\"1200\" src=\"https:\/\/www.flatwaresupplier.com\/wp-content\/uploads\/2025\/02\/Rose-Gold-Silverware-Bulk-Matte-Gold-Flatware-Set-Wholesale-2.webp\" alt=\"Rose Gold Silverware Bulk, Matte Gold Flatware Set Wholesale-2\" class=\"wp-image-1586\" srcset=\"https:\/\/www.flatwaresupplier.com\/wp-content\/uploads\/2025\/02\/Rose-Gold-Silverware-Bulk-Matte-Gold-Flatware-Set-Wholesale-2.webp 1200w, https:\/\/www.flatwaresupplier.com\/wp-content\/uploads\/2025\/02\/Rose-Gold-Silverware-Bulk-Matte-Gold-Flatware-Set-Wholesale-2-300x300.webp 300w, https:\/\/www.flatwaresupplier.com\/wp-content\/uploads\/2025\/02\/Rose-Gold-Silverware-Bulk-Matte-Gold-Flatware-Set-Wholesale-2-150x150.webp 150w, https:\/\/www.flatwaresupplier.com\/wp-content\/uploads\/2025\/02\/Rose-Gold-Silverware-Bulk-Matte-Gold-Flatware-Set-Wholesale-2-768x768.webp 768w, https:\/\/www.flatwaresupplier.com\/wp-content\/uploads\/2025\/02\/Rose-Gold-Silverware-Bulk-Matte-Gold-Flatware-Set-Wholesale-2-12x12.webp 12w, https:\/\/www.flatwaresupplier.com\/wp-content\/uploads\/2025\/02\/Rose-Gold-Silverware-Bulk-Matte-Gold-Flatware-Set-Wholesale-2-600x600.webp 600w, https:\/\/www.flatwaresupplier.com\/wp-content\/uploads\/2025\/02\/Rose-Gold-Silverware-Bulk-Matte-Gold-Flatware-Set-Wholesale-2-100x100.webp 100w\" sizes=\"auto, (max-width: 1200px) 100vw, 1200px\" \/><\/figure>\n<\/div>\n\n\n\n<div class=\"wp-block-column is-layout-flow wp-block-column-is-layout-flow\">\n<h2 class=\"wp-block-heading\">Various Custom Options of Rose Gold Silverware Bulk<\/h2>\n\n\n\n<ul class=\"wp-block-list\">\n<li><strong>Logo: <\/strong>Laser Engraving, Embossing, Label<\/li>\n\n\n\n<li><strong>Mat\u00e9riau :<\/strong> Stainless steel 13\/0 (410#), Stainless steel 18\/0 (430#), Stainless steel 18\/8 (304#)<\/li>\n\n\n\n<li><strong>Couleur :<\/strong> Argent, or, champagne, or rose, noir, arc-en-ciel, bleu fonc\u00e9<\/li>\n\n\n\n<li><strong>Polishing: <\/strong>Mirror Polish, Matte\/Brushed Polish, Stone Polish<\/li>\n\n\n\n<li><strong>Packing: <\/strong>PVC Bag, Color Box, Toothpaste Box, Gift Box, Backercard<\/li>\n<\/ul>\n<\/div>\n<\/div>\n\n\n\n<p><\/p>","protected":false},"excerpt":{"rendered":"<p>Welcome to purchase rose gold silverware bulk. Our rose gold flatware wholesale is famous for its fashionable appearance and flexibility. It has two finished sides, bright and matte, and a color gradient made in a way that can satisfy various aesthetic demands.<\/p>\n<ul>\n<li><strong>Mod\u00e8le :<\/strong> FY-S520#<\/li>\n<li><strong>Fabricant :<\/strong> FANGYUAN Couverts<\/li>\n<li><strong>Cat\u00e9gorie de produits :<\/strong> Couverts sur mesure<\/li>\n<li><strong>MOQ :<\/strong> 10000 PCS PER ITEM<\/li>\n<\/ul>\n<table style=\"border-collapse: collapse; width: 363.02pt;\" border=\"0\" width=\"363\" cellspacing=\"0\" cellpadding=\"0\">\n<tbody>\n<tr style=\"height: 31.00pt;\">\n<td class=\"et2\" style=\"height: 31.00pt; width: 119.95pt;\" width=\"119\" height=\"31\">Sp\u00e9cifications<\/td>\n<td class=\"et3\" style=\"width: 122.50pt;\" width=\"122\">Dimension<br \/>\u00c9paisseur*Longueur (mm)<\/td>\n<td class=\"et4\" style=\"width: 120.80pt;\" width=\"120\">Poids brut (g)<\/td>\n<\/tr>\n<tr style=\"height: 15.20pt;\">\n<td style=\"height: 15.20pt;\" height=\"15\">Couteau de table<\/td>\n<td>6.0, 210<\/td>\n<td>64g<\/td>\n<\/tr>\n<tr style=\"height: 15.20pt;\">\n<td style=\"height: 15.20pt;\" height=\"15\">Cuill\u00e8re \u00e0 soupe<\/td>\n<td>2.2,199<\/td>\n<td>44g<\/td>\n<\/tr>\n<tr style=\"height: 15.20pt;\">\n<td style=\"height: 15.20pt;\" height=\"15\">Fourchette \u00e0 d\u00eener<\/td>\n<td>2.2,193<\/td>\n<td>38g<\/td>\n<\/tr>\n<tr style=\"height: 15.20pt;\">\n<td style=\"height: 15.20pt;\" height=\"15\">Cuill\u00e8re \u00e0 th\u00e9<\/td>\n<td>2.2,136<\/td>\n<td>37g<\/td>\n<\/tr>\n<\/tbody>\n<\/table>","protected":false},"featured_media":1589,"comment_status":"closed","ping_status":"closed","template":"","meta":{"_acf_changed":false},"product_brand":[],"product_cat":[23,15],"product_tag":[33],"class_list":{"0":"post-1584","1":"product","2":"type-product","3":"status-publish","4":"has-post-thumbnail","6":"product_cat-custom-flatware","7":"product_cat-flatware-supplier","8":"product_tag-colored-flatware-wholesale","10":"first","11":"instock","12":"shipping-taxable","13":"product-type-simple"},"acf":[],"_links":{"self":[{"href":"https:\/\/www.flatwaresupplier.com\/fr\/wp-json\/wp\/v2\/product\/1584","targetHints":{"allow":["GET"]}}],"collection":[{"href":"https:\/\/www.flatwaresupplier.com\/fr\/wp-json\/wp\/v2\/product"}],"about":[{"href":"https:\/\/www.flatwaresupplier.com\/fr\/wp-json\/wp\/v2\/types\/product"}],"replies":[{"embeddable":true,"href":"https:\/\/www.flatwaresupplier.com\/fr\/wp-json\/wp\/v2\/comments?post=1584"}],"wp:featuredmedia":[{"embeddable":true,"href":"https:\/\/www.flatwaresupplier.com\/fr\/wp-json\/wp\/v2\/media\/1589"}],"wp:attachment":[{"href":"https:\/\/www.flatwaresupplier.com\/fr\/wp-json\/wp\/v2\/media?parent=1584"}],"wp:term":[{"taxonomy":"product_brand","embeddable":true,"href":"https:\/\/www.flatwaresupplier.com\/fr\/wp-json\/wp\/v2\/product_brand?post=1584"},{"taxonomy":"product_cat","embeddable":true,"href":"https:\/\/www.flatwaresupplier.com\/fr\/wp-json\/wp\/v2\/product_cat?post=1584"},{"taxonomy":"product_tag","embeddable":true,"href":"https:\/\/www.flatwaresupplier.com\/fr\/wp-json\/wp\/v2\/product_tag?post=1584"}],"curies":[{"name":"wp","href":"https:\/\/api.w.org\/{rel}","templated":true}]}}