{"id":707,"date":"2024-12-26T09:40:28","date_gmt":"2024-12-26T09:40:28","guid":{"rendered":"https:\/\/www.flatwaresupplier.com\/?post_type=product&#038;p=707"},"modified":"2025-10-07T07:57:51","modified_gmt":"2025-10-07T07:57:51","slug":"custom-made-silverware","status":"publish","type":"product","link":"https:\/\/www.flatwaresupplier.com\/es\/product\/custom-made-silverware\/","title":{"rendered":"Cubiertos de lujo hechos a medida, elegantes juegos de cubiertos a granel"},"content":{"rendered":"<div class=\"wp-block-columns is-layout-flex wp-container-core-columns-is-layout-9d6595d7 wp-block-columns-is-layout-flex\">\n<div class=\"wp-block-column is-layout-flow wp-block-column-is-layout-flow\">\n<h2 class=\"wp-block-heading\">Caracter\u00edsticas de los cubiertos a medida<\/h2>\n\n\n\n<ul class=\"wp-block-list\">\n<li><strong>Dise\u00f1o de asa redonda y delgada: <\/strong>Esta cuberter\u00eda de plata hecha a medida tiene un mango redondo y fino, y su dise\u00f1o \u00fanico hace que la vajilla sea m\u00e1s elegante y lujosa. El mango aerodin\u00e1mico es ergon\u00f3mico y realza la belleza general, convirtiendo la vajilla en el centro de atenci\u00f3n de cualquier mesa. Proporciona un agarre c\u00f3modo a la vez que mejora la experiencia gastron\u00f3mica.<\/li>\n\n\n\n<li><strong>Borde romo: <\/strong>Los bordes de estos juegos de cubiertos a granel est\u00e1n finamente pulidos y despuntados para evitar posibles lesiones causadas por bordes afilados. Este proceso garantiza la seguridad de cada pieza de la vajilla, apta para un uso prolongado en hogares, hoteles y restaurantes, y proporciona una mejor protecci\u00f3n al comer.<\/li>\n\n\n\n<li><strong>M\u00faltiples escenarios de aplicaci\u00f3n: <\/strong>Esta lujosa cuberter\u00eda de plata hecha a medida no s\u00f3lo es adecuada para el uso diario, sino tambi\u00e9n muy apropiada para diversas ocasiones, como banquetes de boda, fiestas, banquetes formales, etc. Tanto si se trata de un banquete de alto nivel como de una reuni\u00f3n privada, puede ambientar perfectamente la mesa del comedor.<\/li>\n\n\n\n<li><strong>Personalizaci\u00f3n completa y muestras gratuitas: <\/strong>Ofrecemos servicios completos de personalizaci\u00f3n para juegos de cubiertos a granel. Puede personalizar la forma, el pulido, el color, el logotipo y el embalaje seg\u00fan sus necesidades. Y proporcionamos servicios de muestra gratuitos para garantizar que pueda experimentar el efecto de personalizaci\u00f3n primero y satisfacer las necesidades \u00fanicas de su marca.<\/li>\n<\/ul>\n<\/div>\n\n\n\n<div class=\"wp-block-column is-layout-flow wp-block-column-is-layout-flow\">\n<figure class=\"wp-block-image size-full\"><img loading=\"lazy\" decoding=\"async\" width=\"1000\" height=\"1000\" src=\"https:\/\/www.flatwaresupplier.com\/wp-content\/uploads\/2024\/12\/Luxury-Custom-Made-Silverware-Elegant-Bulk-Flatware-Sets-2.webp\" alt=\"Cubiertos de lujo hechos a medida, Elegante Cubiertos a granel Sets-2\" class=\"wp-image-709\" srcset=\"https:\/\/www.flatwaresupplier.com\/wp-content\/uploads\/2024\/12\/Luxury-Custom-Made-Silverware-Elegant-Bulk-Flatware-Sets-2.webp 1000w, https:\/\/www.flatwaresupplier.com\/wp-content\/uploads\/2024\/12\/Luxury-Custom-Made-Silverware-Elegant-Bulk-Flatware-Sets-2-300x300.webp 300w, https:\/\/www.flatwaresupplier.com\/wp-content\/uploads\/2024\/12\/Luxury-Custom-Made-Silverware-Elegant-Bulk-Flatware-Sets-2-150x150.webp 150w, https:\/\/www.flatwaresupplier.com\/wp-content\/uploads\/2024\/12\/Luxury-Custom-Made-Silverware-Elegant-Bulk-Flatware-Sets-2-768x768.webp 768w, https:\/\/www.flatwaresupplier.com\/wp-content\/uploads\/2024\/12\/Luxury-Custom-Made-Silverware-Elegant-Bulk-Flatware-Sets-2-600x600.webp 600w, https:\/\/www.flatwaresupplier.com\/wp-content\/uploads\/2024\/12\/Luxury-Custom-Made-Silverware-Elegant-Bulk-Flatware-Sets-2-100x100.webp 100w\" sizes=\"auto, (max-width: 1000px) 100vw, 1000px\" \/><\/figure>\n<\/div>\n<\/div>\n\n\n\n<div class=\"wp-block-columns is-layout-flex wp-container-core-columns-is-layout-9d6595d7 wp-block-columns-is-layout-flex\">\n<div class=\"wp-block-column is-layout-flow wp-block-column-is-layout-flow\">\n<figure class=\"wp-block-image size-full\"><img loading=\"lazy\" decoding=\"async\" width=\"1000\" height=\"1000\" src=\"https:\/\/www.flatwaresupplier.com\/wp-content\/uploads\/2024\/12\/Luxury-Custom-Made-Silverware-Elegant-Bulk-Flatware-Sets-6.webp\" alt=\"Cubiertos de Lujo a Medida, Elegantes Cubiertos a Granel-6\" class=\"wp-image-713\" srcset=\"https:\/\/www.flatwaresupplier.com\/wp-content\/uploads\/2024\/12\/Luxury-Custom-Made-Silverware-Elegant-Bulk-Flatware-Sets-6.webp 1000w, https:\/\/www.flatwaresupplier.com\/wp-content\/uploads\/2024\/12\/Luxury-Custom-Made-Silverware-Elegant-Bulk-Flatware-Sets-6-300x300.webp 300w, https:\/\/www.flatwaresupplier.com\/wp-content\/uploads\/2024\/12\/Luxury-Custom-Made-Silverware-Elegant-Bulk-Flatware-Sets-6-150x150.webp 150w, https:\/\/www.flatwaresupplier.com\/wp-content\/uploads\/2024\/12\/Luxury-Custom-Made-Silverware-Elegant-Bulk-Flatware-Sets-6-768x768.webp 768w, https:\/\/www.flatwaresupplier.com\/wp-content\/uploads\/2024\/12\/Luxury-Custom-Made-Silverware-Elegant-Bulk-Flatware-Sets-6-600x600.webp 600w, https:\/\/www.flatwaresupplier.com\/wp-content\/uploads\/2024\/12\/Luxury-Custom-Made-Silverware-Elegant-Bulk-Flatware-Sets-6-100x100.webp 100w\" sizes=\"auto, (max-width: 1000px) 100vw, 1000px\" \/><\/figure>\n<\/div>\n\n\n\n<div class=\"wp-block-column is-layout-flow wp-block-column-is-layout-flow\">\n<h2 class=\"wp-block-heading\">Varias opciones de cubiertos a medida<\/h2>\n\n\n\n<ul class=\"wp-block-list\">\n<li><strong>Logotipo: <\/strong>Grabado por l\u00e1ser, gofrado, etiquetado<\/li>\n\n\n\n<li><strong>Material:<\/strong> Acero inoxidable 13\/0 (410#), Acero inoxidable 18\/0 (430#), Acero inoxidable 18\/8 (304#)<\/li>\n\n\n\n<li><strong>Color:<\/strong> Plata, oro, champ\u00e1n, oro rosa, negro, arco iris, azul oscuro<\/li>\n\n\n\n<li><strong>Pulido: <\/strong>Pulido espejo, Pulido mate\/cepillado, Pulido piedra<\/li>\n\n\n\n<li><strong>Embalaje: <\/strong>Bolsa de PVC, Caja de color, Caja de pasta de dientes, Caja de regalo, Backercard<\/li>\n<\/ul>\n<\/div>\n<\/div>","protected":false},"excerpt":{"rendered":"<p>Bienvenido a encargar cubiertos a medida. Este lujoso juego de cubiertos a granel cuenta con mangos redondeados y finos que le confieren un aspecto elegante y lujoso. Sus bordes romos garantizan seguridad e idoneidad para cualquier ocasi\u00f3n. Ofrecemos un servicio totalmente personalizable para satisfacer todos sus detalles.<\/p>\n<ul>\n<li><strong>Modelo:<\/strong> FY-S662#<\/li>\n<li><strong>Fabricante:<\/strong> Cubiertos FANGYUAN<\/li>\n<li><strong>Categor\u00eda de productos:<\/strong> Cubiertos a medida<\/li>\n<li><strong>MOQ:<\/strong> 10000 UNIDADES POR ART\u00cdCULO<\/li>\n<\/ul>\n<table style=\"border-collapse: collapse; width: 363.02pt;\" border=\"0\" width=\"363\" cellspacing=\"0\" cellpadding=\"0\">\n<tbody>\n<tr style=\"height: 31.00pt;\">\n<td class=\"et2\" style=\"height: 31.00pt; width: 119.95pt;\" width=\"119\" height=\"31\">Especificaci\u00f3n<\/td>\n<td class=\"et3\" style=\"width: 122.50pt;\" width=\"122\">Dimensi\u00f3n<br \/>Grosor*Longitud(mm)<\/td>\n<td class=\"et4\" style=\"width: 120.80pt;\" width=\"120\">Peso bruto (g)<\/td>\n<\/tr>\n<tr style=\"height: 15.20pt;\">\n<td style=\"height: 15.20pt;\" height=\"15\">Cuchillo<\/td>\n<td>7.0, 231<\/td>\n<td>100g<\/td>\n<\/tr>\n<tr style=\"height: 15.20pt;\">\n<td style=\"height: 15.20pt;\" height=\"15\">Cuchara<\/td>\n<td>3.0, 200<\/td>\n<td>56g<\/td>\n<\/tr>\n<tr style=\"height: 15.20pt;\">\n<td style=\"height: 15.20pt;\" height=\"15\">Tenedor de cena<\/td>\n<td>3.0, 200<\/td>\n<td>45g<\/td>\n<\/tr>\n<tr style=\"height: 15.20pt;\">\n<td style=\"height: 15.20pt;\" height=\"15\">Cuchara de t\u00e9<\/td>\n<td>2.8, 146<\/td>\n<td>28.5g<\/td>\n<\/tr>\n<tr style=\"height: 15.20pt;\">\n<td style=\"height: 15.20pt;\" height=\"15\">Tenedor para ensalada<\/td>\n<td>3.0, 151<\/td>\n<td>33g<\/td>\n<\/tr>\n<\/tbody>\n<\/table>","protected":false},"featured_media":949,"comment_status":"closed","ping_status":"closed","template":"","meta":{"_acf_changed":true},"product_brand":[],"product_cat":[23,15],"product_tag":[],"class_list":{"0":"post-707","1":"product","2":"type-product","3":"status-publish","4":"has-post-thumbnail","6":"product_cat-custom-flatware","7":"product_cat-flatware-supplier","9":"first","10":"instock","11":"shipping-taxable","12":"product-type-simple"},"acf":[],"_links":{"self":[{"href":"https:\/\/www.flatwaresupplier.com\/es\/wp-json\/wp\/v2\/product\/707","targetHints":{"allow":["GET"]}}],"collection":[{"href":"https:\/\/www.flatwaresupplier.com\/es\/wp-json\/wp\/v2\/product"}],"about":[{"href":"https:\/\/www.flatwaresupplier.com\/es\/wp-json\/wp\/v2\/types\/product"}],"replies":[{"embeddable":true,"href":"https:\/\/www.flatwaresupplier.com\/es\/wp-json\/wp\/v2\/comments?post=707"}],"wp:featuredmedia":[{"embeddable":true,"href":"https:\/\/www.flatwaresupplier.com\/es\/wp-json\/wp\/v2\/media\/949"}],"wp:attachment":[{"href":"https:\/\/www.flatwaresupplier.com\/es\/wp-json\/wp\/v2\/media?parent=707"}],"wp:term":[{"taxonomy":"product_brand","embeddable":true,"href":"https:\/\/www.flatwaresupplier.com\/es\/wp-json\/wp\/v2\/product_brand?post=707"},{"taxonomy":"product_cat","embeddable":true,"href":"https:\/\/www.flatwaresupplier.com\/es\/wp-json\/wp\/v2\/product_cat?post=707"},{"taxonomy":"product_tag","embeddable":true,"href":"https:\/\/www.flatwaresupplier.com\/es\/wp-json\/wp\/v2\/product_tag?post=707"}],"curies":[{"name":"wp","href":"https:\/\/api.w.org\/{rel}","templated":true}]}}