{"id":482,"date":"2025-10-06T09:46:40","date_gmt":"2025-10-06T09:46:40","guid":{"rendered":"https:\/\/www.flatwaresupplier.com\/?post_type=product&#038;p=482"},"modified":"2025-10-07T07:54:11","modified_gmt":"2025-10-07T07:54:11","slug":"gold-flatware-wholesale","status":"publish","type":"product","link":"https:\/\/www.flatwaresupplier.com\/es\/product\/gold-flatware-wholesale\/","title":{"rendered":"Sedex Certified Gold Flatware Wholesale Spoons Knives Forks"},"content":{"rendered":"<div class=\"wp-block-columns is-layout-flex wp-container-core-columns-is-layout-9d6595d7 wp-block-columns-is-layout-flex\">\n<div class=\"wp-block-column is-layout-flow wp-block-column-is-layout-flow\">\n<h2 class=\"wp-block-heading\">Caracter\u00edsticas de los cubiertos de plata y oro al por mayor<\/h2>\n\n\n\n<ul class=\"wp-block-list\">\n<li><strong>Dise\u00f1o cl\u00e1sico muy vendido: <\/strong>Por su aspecto cl\u00e1sico y su dise\u00f1o pr\u00e1ctico, esta cuberter\u00eda de oro al por mayor es muy apreciada por los consumidores de todo el mundo. No importa si es para cenas formales o diarias, a\u00f1adiendo elegancia a la mesa, esta ser\u00e1 una elecci\u00f3n duradera y popular.<\/li>\n\n\n\n<li><strong>Hay una gran variedad de materiales disponibles: <\/strong>Seg\u00fan las diferentes necesidades del mercado, ofrecemos cucharas cuchillos tenedores a granel de acero inoxidable 13\/0, 18\/0 y 18\/8. Tanto si es un cliente rentable como si busca calidad de gama alta, encontrar\u00e1 lo que busca.<\/li>\n\n\n\n<li><strong>Amplia gama de escenarios aplicables: <\/strong>Gracias a su dise\u00f1o sencillo y elegante, nuestra cuberter\u00eda de oro al por mayor podr\u00eda aplicarse a situaciones formales, como bodas, fiestas y banquetes de negocios. Adem\u00e1s, es muy adecuado para el uso diario, un enfoque pr\u00e1ctico que mejora la experiencia de comer.<\/li>\n\n\n\n<li><strong>Personalizaci\u00f3n completa y muestras gratuitas:<\/strong> Apoyo a granel personalizado cucharas cuchillos tenedores, opciones de personalizaci\u00f3n incluyen forma, efecto de pulido, selecci\u00f3n de color, LOGO grabado y dise\u00f1o de envases. Los clientes tambi\u00e9n pueden solicitar muestras gratuitas para asegurar el dise\u00f1o del producto y la calidad son exactamente como se esperaba.<\/li>\n<\/ul>\n<\/div>\n\n\n\n<div class=\"wp-block-column is-layout-flow wp-block-column-is-layout-flow\">\n<figure class=\"wp-block-image size-full\"><img loading=\"lazy\" decoding=\"async\" width=\"1000\" height=\"1000\" src=\"https:\/\/www.flatwaresupplier.com\/wp-content\/uploads\/2024\/12\/Silver-Gold-Flatware-Wholesale-Bulk-Spoons-Knives-Forks-2.webp\" alt=\"Sedex Certified Gold Flatware Wholesale Spoons Knives Forks-1\" class=\"wp-image-496\" srcset=\"https:\/\/www.flatwaresupplier.com\/wp-content\/uploads\/2024\/12\/Silver-Gold-Flatware-Wholesale-Bulk-Spoons-Knives-Forks-2.webp 1000w, https:\/\/www.flatwaresupplier.com\/wp-content\/uploads\/2024\/12\/Silver-Gold-Flatware-Wholesale-Bulk-Spoons-Knives-Forks-2-300x300.webp 300w, https:\/\/www.flatwaresupplier.com\/wp-content\/uploads\/2024\/12\/Silver-Gold-Flatware-Wholesale-Bulk-Spoons-Knives-Forks-2-150x150.webp 150w, https:\/\/www.flatwaresupplier.com\/wp-content\/uploads\/2024\/12\/Silver-Gold-Flatware-Wholesale-Bulk-Spoons-Knives-Forks-2-768x768.webp 768w, https:\/\/www.flatwaresupplier.com\/wp-content\/uploads\/2024\/12\/Silver-Gold-Flatware-Wholesale-Bulk-Spoons-Knives-Forks-2-600x600.webp 600w, https:\/\/www.flatwaresupplier.com\/wp-content\/uploads\/2024\/12\/Silver-Gold-Flatware-Wholesale-Bulk-Spoons-Knives-Forks-2-100x100.webp 100w\" sizes=\"auto, (max-width: 1000px) 100vw, 1000px\" \/><\/figure>\n<\/div>\n<\/div>\n\n\n\n<div class=\"wp-block-columns is-layout-flex wp-container-core-columns-is-layout-9d6595d7 wp-block-columns-is-layout-flex\">\n<div class=\"wp-block-column is-layout-flow wp-block-column-is-layout-flow\">\n<figure class=\"wp-block-image size-full\"><img loading=\"lazy\" decoding=\"async\" width=\"1000\" height=\"1000\" src=\"https:\/\/www.flatwaresupplier.com\/wp-content\/uploads\/2024\/12\/Silver-Gold-Flatware-Wholesale-Bulk-Spoons-Knives-Forks-6.webp\" alt=\"Cubiertos de Plata y Oro al por mayor, a granel Cucharas Cuchillos Tenedores-6\" class=\"wp-image-500\" srcset=\"https:\/\/www.flatwaresupplier.com\/wp-content\/uploads\/2024\/12\/Silver-Gold-Flatware-Wholesale-Bulk-Spoons-Knives-Forks-6.webp 1000w, https:\/\/www.flatwaresupplier.com\/wp-content\/uploads\/2024\/12\/Silver-Gold-Flatware-Wholesale-Bulk-Spoons-Knives-Forks-6-300x300.webp 300w, https:\/\/www.flatwaresupplier.com\/wp-content\/uploads\/2024\/12\/Silver-Gold-Flatware-Wholesale-Bulk-Spoons-Knives-Forks-6-150x150.webp 150w, https:\/\/www.flatwaresupplier.com\/wp-content\/uploads\/2024\/12\/Silver-Gold-Flatware-Wholesale-Bulk-Spoons-Knives-Forks-6-768x768.webp 768w, https:\/\/www.flatwaresupplier.com\/wp-content\/uploads\/2024\/12\/Silver-Gold-Flatware-Wholesale-Bulk-Spoons-Knives-Forks-6-600x600.webp 600w, https:\/\/www.flatwaresupplier.com\/wp-content\/uploads\/2024\/12\/Silver-Gold-Flatware-Wholesale-Bulk-Spoons-Knives-Forks-6-100x100.webp 100w\" sizes=\"auto, (max-width: 1000px) 100vw, 1000px\" \/><\/figure>\n<\/div>\n\n\n\n<div class=\"wp-block-column is-layout-flow wp-block-column-is-layout-flow\">\n<h2 class=\"wp-block-heading\">Opci\u00f3n personalizada para Cubiertos de plata y oro al por mayor<\/h2>\n\n\n\n<ul class=\"wp-block-list\">\n<li><strong>Logotipo: <\/strong>Grabado por l\u00e1ser, gofrado, etiquetado<\/li>\n\n\n\n<li><strong>Material:<\/strong> Acero inoxidable 13\/0 (410#), Acero inoxidable 18\/0 (430#), Acero inoxidable 18\/8 (304#)<\/li>\n\n\n\n<li><strong>Color:<\/strong> Plata, oro, champ\u00e1n, oro rosa, negro, arco iris, azul oscuro<\/li>\n\n\n\n<li><strong>Pulido: <\/strong>Pulido espejo, Pulido mate\/cepillado, Pulido piedra<\/li>\n\n\n\n<li><strong>Embalaje: <\/strong>Bolsa de PVC, Caja de color, Caja de pasta de dientes, Caja de regalo, Backercard<\/li>\n<\/ul>\n<\/div>\n<\/div>","protected":false},"excerpt":{"rendered":"<p>Purchase Full-Certified spoon knife fork sets bulk. Known for material quality, the classical design of this gold flatware wholesale enables it to be used for formal occasions such as weddings, parties, banquets, and everyday use.<\/p>\n<ul>\n<li><strong>Modelo:<\/strong> FY-S1010#<\/li>\n<li><strong>Fabricante:<\/strong> Cubiertos FANGYUAN<\/li>\n<li><strong>Color:<\/strong> Plata, oro, champ\u00e1n, oro rosa, negro, arco iris, azul oscuro<\/li>\n<li><strong>Material:<\/strong> Acero inoxidable 13\/0 (410#), Acero inoxidable 18\/0 (430#), Acero inoxidable 18\/8 (304#)<\/li>\n<li><strong>Categor\u00eda de productos:<\/strong> Cubiertos listos para enviar<\/li>\n<li><strong>MOQ:<\/strong> 100 UNIDADES POR ART\u00cdCULO<\/li>\n<\/ul>\n<table style=\"border-collapse: collapse; width: 363.02pt;\" border=\"0\" width=\"363\" cellspacing=\"0\" cellpadding=\"0\">\n<tbody>\n<tr style=\"height: 31.00pt;\">\n<td class=\"et2\" style=\"height: 31.00pt; width: 119.95pt;\" width=\"119\" height=\"31\">Especificaci\u00f3n<\/td>\n<td class=\"et3\" style=\"width: 122.50pt;\" width=\"122\">Dimensi\u00f3n<br \/>Grosor*Longitud(mm)<\/td>\n<td class=\"et4\" style=\"width: 120.80pt;\" width=\"120\">Peso bruto (g)<\/td>\n<\/tr>\n<tr style=\"height: 15.20pt;\">\n<td style=\"height: 15.20pt;\" height=\"15\">Cuchillo<\/td>\n<td>5.0, 227<\/td>\n<td>79g<\/td>\n<\/tr>\n<tr style=\"height: 15.20pt;\">\n<td style=\"height: 15.20pt;\" height=\"15\">Cuchara<\/td>\n<td>2.5, 204<\/td>\n<td>54g<\/td>\n<\/tr>\n<tr style=\"height: 15.20pt;\">\n<td style=\"height: 15.20pt;\" height=\"15\">Tenedor de cena<\/td>\n<td>2.5, 206<\/td>\n<td>41g<\/td>\n<\/tr>\n<tr style=\"height: 15.20pt;\">\n<td style=\"height: 15.20pt;\" height=\"15\">Cuchara de t\u00e9<\/td>\n<td>2.3, 137<\/td>\n<td>20g<\/td>\n<\/tr>\n<\/tbody>\n<\/table>","protected":false},"featured_media":966,"comment_status":"closed","ping_status":"closed","template":"","meta":{"_acf_changed":false},"product_brand":[],"product_cat":[24,15],"product_tag":[33,34,40],"class_list":{"0":"post-482","1":"product","2":"type-product","3":"status-publish","4":"has-post-thumbnail","6":"product_cat-flatware-wholesale","7":"product_cat-flatware-supplier","8":"product_tag-colored-flatware-wholesale","9":"product_tag-gold-flatware-wholesale","10":"product_tag-mirror-polish-flatware-bulk","12":"first","13":"instock","14":"shipping-taxable","15":"product-type-simple"},"acf":[],"_links":{"self":[{"href":"https:\/\/www.flatwaresupplier.com\/es\/wp-json\/wp\/v2\/product\/482","targetHints":{"allow":["GET"]}}],"collection":[{"href":"https:\/\/www.flatwaresupplier.com\/es\/wp-json\/wp\/v2\/product"}],"about":[{"href":"https:\/\/www.flatwaresupplier.com\/es\/wp-json\/wp\/v2\/types\/product"}],"replies":[{"embeddable":true,"href":"https:\/\/www.flatwaresupplier.com\/es\/wp-json\/wp\/v2\/comments?post=482"}],"wp:featuredmedia":[{"embeddable":true,"href":"https:\/\/www.flatwaresupplier.com\/es\/wp-json\/wp\/v2\/media\/966"}],"wp:attachment":[{"href":"https:\/\/www.flatwaresupplier.com\/es\/wp-json\/wp\/v2\/media?parent=482"}],"wp:term":[{"taxonomy":"product_brand","embeddable":true,"href":"https:\/\/www.flatwaresupplier.com\/es\/wp-json\/wp\/v2\/product_brand?post=482"},{"taxonomy":"product_cat","embeddable":true,"href":"https:\/\/www.flatwaresupplier.com\/es\/wp-json\/wp\/v2\/product_cat?post=482"},{"taxonomy":"product_tag","embeddable":true,"href":"https:\/\/www.flatwaresupplier.com\/es\/wp-json\/wp\/v2\/product_tag?post=482"}],"curies":[{"name":"wp","href":"https:\/\/api.w.org\/{rel}","templated":true}]}}