{"id":679,"date":"2024-12-26T08:55:01","date_gmt":"2024-12-26T08:55:01","guid":{"rendered":"https:\/\/www.flatwaresupplier.com\/?post_type=product&#038;p=679"},"modified":"2025-10-07T07:57:52","modified_gmt":"2025-10-07T07:57:52","slug":"custom-cutlery-set","status":"publish","type":"product","link":"https:\/\/www.flatwaresupplier.com\/de\/product\/custom-cutlery-set\/","title":{"rendered":"Luxury Custom Cutlery Set, Intertek Verified Flatware Bulk"},"content":{"rendered":"<div class=\"wp-block-columns is-layout-flex wp-container-core-columns-is-layout-9d6595d7 wp-block-columns-is-layout-flex\">\n<div class=\"wp-block-column is-layout-flow wp-block-column-is-layout-flow\">\n<h2 class=\"wp-block-heading\">Merkmale des Bestecksets Custom<\/h2>\n\n\n\n<ul class=\"wp-block-list\">\n<li><strong>Konkaves modernes Griffdesign: <\/strong>Das Griffdesign dieses individuellen Bestecksets kombiniert konkave und gerade Linien und unterstreicht so den modischen und modernen Stil, w\u00e4hrend es gleichzeitig einen komfortablen Griff bietet, der der Hochzeitsszene Eleganz verleiht.<\/li>\n\n\n\n<li><strong>Sichere und abgerundete Kanten: <\/strong>Dieses lose Metallbesteck f\u00fcr die Hochzeit wurde zweimal fein poliert, um die Kanten des Geschirrs glatt und ohne scharfe Ecken zu machen, so dass es sicherer zu benutzen ist und sowohl die Sch\u00f6nheit als auch die Praktikabilit\u00e4t ber\u00fccksichtigt wird.<\/li>\n\n\n\n<li><strong>Reiche Farbauswahl:<\/strong> Unser kundenspezifisches Besteckset verwendet fortschrittliche PVD-Beschichtungs- und Lackiertechnologie, um eine Vielzahl von Farboptionen f\u00fcr Geschirr zu erzielen, wie z. B. Gold, Silber, Ros\u00e9gold, Schwarz usw., um verschiedenen Stilanforderungen gerecht zu werden.<\/li>\n\n\n\n<li><strong>Umfassende Anpassungen und kostenlose Muster: <\/strong>Unser massives Metallbesteck f\u00fcr Hochzeiten unterst\u00fctzt die individuelle Anpassung von Form, Politur, Farbe, LOGO und Verpackung und bietet kostenlose Muster, um exklusive Dienstleistungen f\u00fcr Hochzeiten und andere hochwertige Anl\u00e4sse anzubieten.<\/li>\n<\/ul>\n<\/div>\n\n\n\n<div class=\"wp-block-column is-layout-flow wp-block-column-is-layout-flow\">\n<figure class=\"wp-block-image size-full\"><img loading=\"lazy\" decoding=\"async\" width=\"1000\" height=\"1000\" src=\"https:\/\/www.flatwaresupplier.com\/wp-content\/uploads\/2024\/12\/Exquisite-Custom-Cutlery-Set-Bulk-Metal-Flatware-For-Wedding-2.webp\" alt=\"Luxury Custom Cutlery Set, Intertek Verified Flatware Bulk-1\" class=\"wp-image-681\" srcset=\"https:\/\/www.flatwaresupplier.com\/wp-content\/uploads\/2024\/12\/Exquisite-Custom-Cutlery-Set-Bulk-Metal-Flatware-For-Wedding-2.webp 1000w, https:\/\/www.flatwaresupplier.com\/wp-content\/uploads\/2024\/12\/Exquisite-Custom-Cutlery-Set-Bulk-Metal-Flatware-For-Wedding-2-300x300.webp 300w, https:\/\/www.flatwaresupplier.com\/wp-content\/uploads\/2024\/12\/Exquisite-Custom-Cutlery-Set-Bulk-Metal-Flatware-For-Wedding-2-150x150.webp 150w, https:\/\/www.flatwaresupplier.com\/wp-content\/uploads\/2024\/12\/Exquisite-Custom-Cutlery-Set-Bulk-Metal-Flatware-For-Wedding-2-768x768.webp 768w, https:\/\/www.flatwaresupplier.com\/wp-content\/uploads\/2024\/12\/Exquisite-Custom-Cutlery-Set-Bulk-Metal-Flatware-For-Wedding-2-600x600.webp 600w, https:\/\/www.flatwaresupplier.com\/wp-content\/uploads\/2024\/12\/Exquisite-Custom-Cutlery-Set-Bulk-Metal-Flatware-For-Wedding-2-100x100.webp 100w\" sizes=\"auto, (max-width: 1000px) 100vw, 1000px\" \/><\/figure>\n<\/div>\n<\/div>\n\n\n\n<div class=\"wp-block-columns is-layout-flex wp-container-core-columns-is-layout-9d6595d7 wp-block-columns-is-layout-flex\">\n<div class=\"wp-block-column is-layout-flow wp-block-column-is-layout-flow\">\n<figure class=\"wp-block-image size-full\"><img loading=\"lazy\" decoding=\"async\" width=\"1000\" height=\"1000\" src=\"https:\/\/www.flatwaresupplier.com\/wp-content\/uploads\/2024\/12\/Exquisite-Custom-Cutlery-Set-Bulk-Metal-Flatware-For-Wedding-6.webp\" alt=\"Exquisite benutzerdefinierte Bestecksatz, Bulk-Metall-Besteck f\u00fcr Hochzeit-6\" class=\"wp-image-685\" srcset=\"https:\/\/www.flatwaresupplier.com\/wp-content\/uploads\/2024\/12\/Exquisite-Custom-Cutlery-Set-Bulk-Metal-Flatware-For-Wedding-6.webp 1000w, https:\/\/www.flatwaresupplier.com\/wp-content\/uploads\/2024\/12\/Exquisite-Custom-Cutlery-Set-Bulk-Metal-Flatware-For-Wedding-6-300x300.webp 300w, https:\/\/www.flatwaresupplier.com\/wp-content\/uploads\/2024\/12\/Exquisite-Custom-Cutlery-Set-Bulk-Metal-Flatware-For-Wedding-6-150x150.webp 150w, https:\/\/www.flatwaresupplier.com\/wp-content\/uploads\/2024\/12\/Exquisite-Custom-Cutlery-Set-Bulk-Metal-Flatware-For-Wedding-6-768x768.webp 768w, https:\/\/www.flatwaresupplier.com\/wp-content\/uploads\/2024\/12\/Exquisite-Custom-Cutlery-Set-Bulk-Metal-Flatware-For-Wedding-6-600x600.webp 600w, https:\/\/www.flatwaresupplier.com\/wp-content\/uploads\/2024\/12\/Exquisite-Custom-Cutlery-Set-Bulk-Metal-Flatware-For-Wedding-6-100x100.webp 100w\" sizes=\"auto, (max-width: 1000px) 100vw, 1000px\" \/><\/figure>\n<\/div>\n\n\n\n<div class=\"wp-block-column is-layout-flow wp-block-column-is-layout-flow\">\n<h2 class=\"wp-block-heading\">Verschiedene Optionen f\u00fcr ein individuelles Besteckset<\/h2>\n\n\n\n<ul class=\"wp-block-list\">\n<li><strong>Logo: <\/strong>Lasergravur, Pr\u00e4gung, Etikett<\/li>\n\n\n\n<li><strong>Material:<\/strong> Rostfreier Stahl 13\/0 (410#), Rostfreier Stahl 18\/0 (430#), Rostfreier Stahl 18\/8 (304#)<\/li>\n\n\n\n<li><strong>Farbe:<\/strong> Silber, Gold, Champagner, Ros\u00e9gold, Schwarz, Regenbogen, Dunkelblau<\/li>\n\n\n\n<li><strong>Polieren: <\/strong>Hochglanzpolitur, Matt-\/B\u00fcrstenpolitur, Steinpolitur<\/li>\n\n\n\n<li><strong>Verpacken: <\/strong>PVC-Tasche, Farbbox, Zahnpasta-Box, Geschenkbox, Backercard<\/li>\n<\/ul>\n<\/div>\n<\/div>","protected":false},"excerpt":{"rendered":"<p>Willkommen bei unserem individuellen Besteckset. Diese exquisite Bulk-Metall-Besteck f\u00fcr die Hochzeit, mit seiner konkaven modernen Griff-Design, abgerundete und sichere Kanten, reiche Farbauswahl und umfassende Anpassungsdienste, perfekt pr\u00e4sentiert die Qualit\u00e4t der beiden Eleganz und Funktionalit\u00e4t. Es eignet sich f\u00fcr Hochzeitsbankette und gehobene Essensszenen und kann auch die verschiedenen Marktanforderungen erf\u00fcllen.<\/p>\n<ul>\n<li><strong>Modell:<\/strong> FY-S657#<\/li>\n<li><strong>Hersteller: <\/strong> FANGYUAN Besteck<\/li>\n<li><strong>Produktkategorie:<\/strong> Individuelles Besteck<\/li>\n<li><strong>MOQ:<\/strong> 10000 ST\u00dcCK PRO ARTIKEL<\/li>\n<\/ul>\n<table style=\"border-collapse: collapse; width: 363.02pt;\" border=\"0\" width=\"363\" cellspacing=\"0\" cellpadding=\"0\">\n<tbody>\n<tr style=\"height: 31.00pt;\">\n<td class=\"et2\" style=\"height: 31.00pt; width: 119.95pt;\" width=\"119\" height=\"31\">Spezifikation<\/td>\n<td class=\"et3\" style=\"width: 122.50pt;\" width=\"122\">Dimension<br \/>Dicke*L\u00e4nge(mm)<\/td>\n<td class=\"et4\" style=\"width: 120.80pt;\" width=\"120\">Bruttogewicht (g)<\/td>\n<\/tr>\n<tr style=\"height: 15.20pt;\">\n<td style=\"height: 15.20pt;\" height=\"15\">Tafelmesser<\/td>\n<td>6.0, 225<\/td>\n<td>75g<\/td>\n<\/tr>\n<tr style=\"height: 15.20pt;\">\n<td style=\"height: 15.20pt;\" height=\"15\">Tafell\u00f6ffel<\/td>\n<td>2.5, 200<\/td>\n<td>49g<\/td>\n<\/tr>\n<tr style=\"height: 15.20pt;\">\n<td style=\"height: 15.20pt;\" height=\"15\">Tafelgabel<\/td>\n<td>2.5, 198<\/td>\n<td>39.5g<\/td>\n<\/tr>\n<tr style=\"height: 15.20pt;\">\n<td style=\"height: 15.20pt;\" height=\"15\">Teel\u00f6ffel<\/td>\n<td>2.0, 140<\/td>\n<td>20g<\/td>\n<\/tr>\n<\/tbody>\n<\/table>","protected":false},"featured_media":953,"comment_status":"closed","ping_status":"closed","template":"","meta":{"_acf_changed":false},"product_brand":[],"product_cat":[23,15],"product_tag":[],"class_list":{"0":"post-679","1":"product","2":"type-product","3":"status-publish","4":"has-post-thumbnail","6":"product_cat-custom-flatware","7":"product_cat-flatware-supplier","9":"first","10":"instock","11":"shipping-taxable","12":"product-type-simple"},"acf":[],"_links":{"self":[{"href":"https:\/\/www.flatwaresupplier.com\/de\/wp-json\/wp\/v2\/product\/679","targetHints":{"allow":["GET"]}}],"collection":[{"href":"https:\/\/www.flatwaresupplier.com\/de\/wp-json\/wp\/v2\/product"}],"about":[{"href":"https:\/\/www.flatwaresupplier.com\/de\/wp-json\/wp\/v2\/types\/product"}],"replies":[{"embeddable":true,"href":"https:\/\/www.flatwaresupplier.com\/de\/wp-json\/wp\/v2\/comments?post=679"}],"wp:featuredmedia":[{"embeddable":true,"href":"https:\/\/www.flatwaresupplier.com\/de\/wp-json\/wp\/v2\/media\/953"}],"wp:attachment":[{"href":"https:\/\/www.flatwaresupplier.com\/de\/wp-json\/wp\/v2\/media?parent=679"}],"wp:term":[{"taxonomy":"product_brand","embeddable":true,"href":"https:\/\/www.flatwaresupplier.com\/de\/wp-json\/wp\/v2\/product_brand?post=679"},{"taxonomy":"product_cat","embeddable":true,"href":"https:\/\/www.flatwaresupplier.com\/de\/wp-json\/wp\/v2\/product_cat?post=679"},{"taxonomy":"product_tag","embeddable":true,"href":"https:\/\/www.flatwaresupplier.com\/de\/wp-json\/wp\/v2\/product_tag?post=679"}],"curies":[{"name":"wp","href":"https:\/\/api.w.org\/{rel}","templated":true}]}}