{"id":665,"date":"2024-12-26T08:28:59","date_gmt":"2024-12-26T08:28:59","guid":{"rendered":"https:\/\/www.flatwaresupplier.com\/?post_type=product&#038;p=665"},"modified":"2025-10-07T07:57:52","modified_gmt":"2025-10-07T07:57:52","slug":"custom-silverware","status":"publish","type":"product","link":"https:\/\/www.flatwaresupplier.com\/de\/product\/custom-silverware\/","title":{"rendered":"Export-Ready Custom Silverware, Bulk Fork Knife Spoon Sets"},"content":{"rendered":"<div class=\"wp-block-columns is-layout-flex wp-container-core-columns-is-layout-9d6595d7 wp-block-columns-is-layout-flex\">\n<div class=\"wp-block-column is-layout-flow wp-block-column-is-layout-flow\">\n<h2 class=\"wp-block-heading\">Merkmale von Custom Silverware<\/h2>\n\n\n\n<ul class=\"wp-block-list\">\n<li><strong>Konkaves Griffdesign: <\/strong>Das einzigartige konkave Griffdesign dieses Tafelsilbers verbessert nicht nur den Komfort beim Halten, sondern verleiht dem Esstisch auch einen eleganten und pers\u00f6nlichen dekorativen Effekt, der f\u00fcr verschiedene gehobene Anl\u00e4sse geeignet ist.<\/li>\n\n\n\n<li><strong>Hochwertig und wiederverwendbar: <\/strong>Die Oberfl\u00e4che dieser Gabeln, Messer und L\u00f6ffel ist exquisit und kratzfrei poliert. Es ist aus 18\/8 Edelstahl, die langlebig und rostfrei ist, und kann den Glanz und die Qualit\u00e4t des Produkts f\u00fcr eine lange Zeit zu erhalten.<\/li>\n\n\n\n<li><strong>Leicht zu reinigen: <\/strong>Dieses Tafelsilber kann zur Reinigung direkt in die Sp\u00fclmaschine gegeben werden. Das PVD-F\u00e4rbeverfahren ist stabil und die Haltbarkeit ist weitaus besser als bei anderen Produkten. Es kann mehr als 100 Mal\/90 Minuten Sp\u00fclmaschinentests bestehen und bleibt so gut wie neu.<\/li>\n\n\n\n<li><strong>Vollst\u00e4ndige Individualisierung und kostenlose Muster:<\/strong> Unsere losen Gabeln, Messer und L\u00f6ffel k\u00f6nnen in Bezug auf Form, Polierverfahren, Farbe, LOGO und Verpackung mehrfach angepasst werden, und wir bieten kostenlose Muster an, um den pers\u00f6nlichen Bed\u00fcrfnissen und der Marktpositionierung der Kunden gerecht zu werden.<\/li>\n<\/ul>\n<\/div>\n\n\n\n<div class=\"wp-block-column is-layout-flow wp-block-column-is-layout-flow\">\n<figure class=\"wp-block-image size-full\"><img loading=\"lazy\" decoding=\"async\" width=\"1000\" height=\"1000\" src=\"https:\/\/www.flatwaresupplier.com\/wp-content\/uploads\/2024\/12\/Luxury-Custom-Silverware-Flatware-Bulk-Forks-Knives-Spoons-2.webp\" alt=\"Export-Ready Custom Silverware, Bulk Fork Knife Spoon Sets-2\" class=\"wp-image-667\" srcset=\"https:\/\/www.flatwaresupplier.com\/wp-content\/uploads\/2024\/12\/Luxury-Custom-Silverware-Flatware-Bulk-Forks-Knives-Spoons-2.webp 1000w, https:\/\/www.flatwaresupplier.com\/wp-content\/uploads\/2024\/12\/Luxury-Custom-Silverware-Flatware-Bulk-Forks-Knives-Spoons-2-300x300.webp 300w, https:\/\/www.flatwaresupplier.com\/wp-content\/uploads\/2024\/12\/Luxury-Custom-Silverware-Flatware-Bulk-Forks-Knives-Spoons-2-150x150.webp 150w, https:\/\/www.flatwaresupplier.com\/wp-content\/uploads\/2024\/12\/Luxury-Custom-Silverware-Flatware-Bulk-Forks-Knives-Spoons-2-768x768.webp 768w, https:\/\/www.flatwaresupplier.com\/wp-content\/uploads\/2024\/12\/Luxury-Custom-Silverware-Flatware-Bulk-Forks-Knives-Spoons-2-600x600.webp 600w, https:\/\/www.flatwaresupplier.com\/wp-content\/uploads\/2024\/12\/Luxury-Custom-Silverware-Flatware-Bulk-Forks-Knives-Spoons-2-100x100.webp 100w\" sizes=\"auto, (max-width: 1000px) 100vw, 1000px\" \/><\/figure>\n<\/div>\n<\/div>\n\n\n\n<div class=\"wp-block-columns is-layout-flex wp-container-core-columns-is-layout-9d6595d7 wp-block-columns-is-layout-flex\">\n<div class=\"wp-block-column is-layout-flow wp-block-column-is-layout-flow\">\n<figure class=\"wp-block-image size-full\"><img loading=\"lazy\" decoding=\"async\" width=\"1000\" height=\"1000\" src=\"https:\/\/www.flatwaresupplier.com\/wp-content\/uploads\/2024\/12\/Luxury-Custom-Silverware-Flatware-Bulk-Forks-Knives-Spoons-6.webp\" alt=\"Luxus benutzerdefinierte Silberwaren Besteck, Bulk Gabeln Messer L\u00f6ffel-6\" class=\"wp-image-671\" srcset=\"https:\/\/www.flatwaresupplier.com\/wp-content\/uploads\/2024\/12\/Luxury-Custom-Silverware-Flatware-Bulk-Forks-Knives-Spoons-6.webp 1000w, https:\/\/www.flatwaresupplier.com\/wp-content\/uploads\/2024\/12\/Luxury-Custom-Silverware-Flatware-Bulk-Forks-Knives-Spoons-6-300x300.webp 300w, https:\/\/www.flatwaresupplier.com\/wp-content\/uploads\/2024\/12\/Luxury-Custom-Silverware-Flatware-Bulk-Forks-Knives-Spoons-6-150x150.webp 150w, https:\/\/www.flatwaresupplier.com\/wp-content\/uploads\/2024\/12\/Luxury-Custom-Silverware-Flatware-Bulk-Forks-Knives-Spoons-6-768x768.webp 768w, https:\/\/www.flatwaresupplier.com\/wp-content\/uploads\/2024\/12\/Luxury-Custom-Silverware-Flatware-Bulk-Forks-Knives-Spoons-6-600x600.webp 600w, https:\/\/www.flatwaresupplier.com\/wp-content\/uploads\/2024\/12\/Luxury-Custom-Silverware-Flatware-Bulk-Forks-Knives-Spoons-6-100x100.webp 100w\" sizes=\"auto, (max-width: 1000px) 100vw, 1000px\" \/><\/figure>\n<\/div>\n\n\n\n<div class=\"wp-block-column is-layout-flow wp-block-column-is-layout-flow\">\n<h2 class=\"wp-block-heading\">Verschiedene Optionen f\u00fcr individuelles Silberbesteck<\/h2>\n\n\n\n<ul class=\"wp-block-list\">\n<li><strong>Logo: <\/strong>Lasergravur, Pr\u00e4gung, Etikett<\/li>\n\n\n\n<li><strong>Material:<\/strong> Rostfreier Stahl 13\/0 (410#), Rostfreier Stahl 18\/0 (430#), Rostfreier Stahl 18\/8 (304#)<\/li>\n\n\n\n<li><strong>Farbe:<\/strong> Silber, Gold, Champagner, Ros\u00e9gold, Schwarz, Regenbogen, Dunkelblau<\/li>\n\n\n\n<li><strong>Polieren: <\/strong>Hochglanzpolitur, Matt-\/B\u00fcrstenpolitur, Steinpolitur<\/li>\n\n\n\n<li><strong>Verpacken: <\/strong>PVC-Tasche, Farbbox, Zahnpasta-Box, Geschenkbox, Backercard<\/li>\n<\/ul>\n<\/div>\n<\/div>","protected":false},"excerpt":{"rendered":"<p>Welcome to bulk order fork knife spoon sets. This luxury custom silverware adopts a concave handle design, combined with high-quality 18\/8 stainless steel and excellent PVD coloring technology, presenting an elegant appearance and practical performance. With dishwasher-safe, full customization and free samples, it\u2019s an excellent choice for high-end commercial use and home dining.<\/p>\n<ul>\n<li><strong>Modell:<\/strong> FY-S654#<\/li>\n<li><strong>Hersteller:<\/strong> FANGYUAN Besteck<\/li>\n<li><strong>Produktkategorie:<\/strong> Individuelles Besteck<\/li>\n<li><strong>MOQ:<\/strong> 10000 ST\u00dcCK PRO ARTIKEL<\/li>\n<\/ul>\n<table style=\"border-collapse: collapse; width: 363.02pt;\" border=\"0\" width=\"363\" cellspacing=\"0\" cellpadding=\"0\">\n<tbody>\n<tr style=\"height: 31.00pt;\">\n<td class=\"et2\" style=\"height: 31.00pt; width: 119.95pt;\" width=\"119\" height=\"31\">Spezifikation<\/td>\n<td class=\"et3\" style=\"width: 122.50pt;\" width=\"122\">Dimension<br \/>Dicke*L\u00e4nge(mm)<\/td>\n<td class=\"et4\" style=\"width: 120.80pt;\" width=\"120\">Bruttogewicht (g)<\/td>\n<\/tr>\n<tr style=\"height: 15.20pt;\">\n<td style=\"height: 15.20pt;\" height=\"15\">Tafelmesser<\/td>\n<td>6.0, 225<\/td>\n<td>85g<\/td>\n<\/tr>\n<tr style=\"height: 15.20pt;\">\n<td style=\"height: 15.20pt;\" height=\"15\">Tafell\u00f6ffel<\/td>\n<td>2.5, 200<\/td>\n<td>54g<\/td>\n<\/tr>\n<tr style=\"height: 15.20pt;\">\n<td style=\"height: 15.20pt;\" height=\"15\">Tafelgabel<\/td>\n<td>2.5, 201<\/td>\n<td>46g<\/td>\n<\/tr>\n<tr style=\"height: 15.20pt;\">\n<td style=\"height: 15.20pt;\" height=\"15\">Teel\u00f6ffel<\/td>\n<td>2.0, 140<\/td>\n<td>23g<\/td>\n<\/tr>\n<\/tbody>\n<\/table>","protected":false},"featured_media":955,"comment_status":"closed","ping_status":"closed","template":"","meta":{"_acf_changed":false},"product_brand":[],"product_cat":[23,15],"product_tag":[],"class_list":{"0":"post-665","1":"product","2":"type-product","3":"status-publish","4":"has-post-thumbnail","6":"product_cat-custom-flatware","7":"product_cat-flatware-supplier","9":"first","10":"instock","11":"shipping-taxable","12":"product-type-simple"},"acf":[],"_links":{"self":[{"href":"https:\/\/www.flatwaresupplier.com\/de\/wp-json\/wp\/v2\/product\/665","targetHints":{"allow":["GET"]}}],"collection":[{"href":"https:\/\/www.flatwaresupplier.com\/de\/wp-json\/wp\/v2\/product"}],"about":[{"href":"https:\/\/www.flatwaresupplier.com\/de\/wp-json\/wp\/v2\/types\/product"}],"replies":[{"embeddable":true,"href":"https:\/\/www.flatwaresupplier.com\/de\/wp-json\/wp\/v2\/comments?post=665"}],"wp:featuredmedia":[{"embeddable":true,"href":"https:\/\/www.flatwaresupplier.com\/de\/wp-json\/wp\/v2\/media\/955"}],"wp:attachment":[{"href":"https:\/\/www.flatwaresupplier.com\/de\/wp-json\/wp\/v2\/media?parent=665"}],"wp:term":[{"taxonomy":"product_brand","embeddable":true,"href":"https:\/\/www.flatwaresupplier.com\/de\/wp-json\/wp\/v2\/product_brand?post=665"},{"taxonomy":"product_cat","embeddable":true,"href":"https:\/\/www.flatwaresupplier.com\/de\/wp-json\/wp\/v2\/product_cat?post=665"},{"taxonomy":"product_tag","embeddable":true,"href":"https:\/\/www.flatwaresupplier.com\/de\/wp-json\/wp\/v2\/product_tag?post=665"}],"curies":[{"name":"wp","href":"https:\/\/api.w.org\/{rel}","templated":true}]}}