{"id":414,"date":"2024-12-25T08:14:17","date_gmt":"2024-12-25T08:14:17","guid":{"rendered":"https:\/\/www.flatwaresupplier.com\/?post_type=product&#038;p=414"},"modified":"2025-10-07T07:57:54","modified_gmt":"2025-10-07T07:57:54","slug":"reusable-silverware-bulk","status":"publish","type":"product","link":"https:\/\/www.flatwaresupplier.com\/de\/product\/reusable-silverware-bulk\/","title":{"rendered":"T\u00dcV Tested Reusable Silverware Bulk, SUS201 Flatware Sets"},"content":{"rendered":"<div class=\"wp-block-columns is-layout-flex wp-container-core-columns-is-layout-9d6595d7 wp-block-columns-is-layout-flex\">\n<div class=\"wp-block-column is-layout-flow wp-block-column-is-layout-flow\">\n<h2 class=\"wp-block-heading\">Eigenschaften von wiederverwendbarem Silberbesteck Bulk<\/h2>\n\n\n\n<ul class=\"wp-block-list\">\n<li><strong>Hei\u00df begehrter Stil: <\/strong>Dieses moderne, wiederverwendbare Tafelsilber ist derzeit auf Amazon und in Superm\u00e4rkten sehr beliebt. Es wurde von vielen Verbrauchern erkannt, hat eine gro\u00dfe Marktnachfrage und verkauft sich gut und schnell.<\/li>\n\n\n\n<li><strong>Modernes Design: <\/strong>Die geraden Linien und die verdickten Griffe dieses Bestecks aus rostfreiem Stahl verleihen dem Esstisch ein modernes und elegantes Aussehen, das f\u00fcr Luxus und Raffinesse sorgt und das Esserlebnis verbessert.<\/li>\n\n\n\n<li><strong>Hochwertige Spiegelpolitur: <\/strong>Wir haben extrem hohe Anforderungen an den Polierprozess von wiederverwendbarem Tafelsilber. Jede Komponente wird fein poliert, um sicherzustellen, dass die Oberfl\u00e4che des Geschirrs so glatt wie ein Spiegel ist und dass es bei der Verwendung keine Kratzer im Mund verursacht oder unangenehm ist.<\/li>\n\n\n\n<li><strong>Vollst\u00e4ndige Individualisierung und kostenlose Muster: <\/strong>Wir bieten eine breite Palette von Anpassungsm\u00f6glichkeiten f\u00fcr Edelstahl-Besteck, einschlie\u00dflich der Form des Griffs, des Poliereffekts, der Farbe, des LOGOs und der Verpackung usw., um sicherzustellen, dass die Kunden einzigartige, personalisierte Designs anbieten k\u00f6nnen, und wir stellen kostenlose Muster f\u00fcr Ihre Tests zur Verf\u00fcgung.<\/li>\n<\/ul>\n<\/div>\n\n\n\n<div class=\"wp-block-column is-layout-flow wp-block-column-is-layout-flow\">\n<figure class=\"wp-block-image size-full\"><img loading=\"lazy\" decoding=\"async\" width=\"1000\" height=\"1000\" src=\"https:\/\/www.flatwaresupplier.com\/wp-content\/uploads\/2024\/12\/Modern-Style-Reusable-Silverware-Bulk-Bulk-Stainless-Steel-Flatware-2-1.webp\" alt=\"T\u00dcV Tested Reusable Silverware Bulk, SUS201 Flatware Sets-2\" class=\"wp-image-432\" srcset=\"https:\/\/www.flatwaresupplier.com\/wp-content\/uploads\/2024\/12\/Modern-Style-Reusable-Silverware-Bulk-Bulk-Stainless-Steel-Flatware-2-1.webp 1000w, https:\/\/www.flatwaresupplier.com\/wp-content\/uploads\/2024\/12\/Modern-Style-Reusable-Silverware-Bulk-Bulk-Stainless-Steel-Flatware-2-1-300x300.webp 300w, https:\/\/www.flatwaresupplier.com\/wp-content\/uploads\/2024\/12\/Modern-Style-Reusable-Silverware-Bulk-Bulk-Stainless-Steel-Flatware-2-1-150x150.webp 150w, https:\/\/www.flatwaresupplier.com\/wp-content\/uploads\/2024\/12\/Modern-Style-Reusable-Silverware-Bulk-Bulk-Stainless-Steel-Flatware-2-1-768x768.webp 768w, https:\/\/www.flatwaresupplier.com\/wp-content\/uploads\/2024\/12\/Modern-Style-Reusable-Silverware-Bulk-Bulk-Stainless-Steel-Flatware-2-1-600x600.webp 600w, https:\/\/www.flatwaresupplier.com\/wp-content\/uploads\/2024\/12\/Modern-Style-Reusable-Silverware-Bulk-Bulk-Stainless-Steel-Flatware-2-1-100x100.webp 100w\" sizes=\"auto, (max-width: 1000px) 100vw, 1000px\" \/><\/figure>\n<\/div>\n<\/div>\n\n\n\n<div class=\"wp-block-columns is-layout-flex wp-container-core-columns-is-layout-9d6595d7 wp-block-columns-is-layout-flex\">\n<div class=\"wp-block-column is-layout-flow wp-block-column-is-layout-flow\">\n<figure class=\"wp-block-image size-full\"><img loading=\"lazy\" decoding=\"async\" width=\"1000\" height=\"1000\" src=\"https:\/\/www.flatwaresupplier.com\/wp-content\/uploads\/2024\/12\/Modern-Style-Reusable-Silverware-Bulk-Bulk-Stainless-Steel-Flatware-6.webp\" alt=\"Modern Style Reusable Silverware Bulk, Bulk Edelstahl Besteck-6\" class=\"wp-image-436\" srcset=\"https:\/\/www.flatwaresupplier.com\/wp-content\/uploads\/2024\/12\/Modern-Style-Reusable-Silverware-Bulk-Bulk-Stainless-Steel-Flatware-6.webp 1000w, https:\/\/www.flatwaresupplier.com\/wp-content\/uploads\/2024\/12\/Modern-Style-Reusable-Silverware-Bulk-Bulk-Stainless-Steel-Flatware-6-300x300.webp 300w, https:\/\/www.flatwaresupplier.com\/wp-content\/uploads\/2024\/12\/Modern-Style-Reusable-Silverware-Bulk-Bulk-Stainless-Steel-Flatware-6-150x150.webp 150w, https:\/\/www.flatwaresupplier.com\/wp-content\/uploads\/2024\/12\/Modern-Style-Reusable-Silverware-Bulk-Bulk-Stainless-Steel-Flatware-6-768x768.webp 768w, https:\/\/www.flatwaresupplier.com\/wp-content\/uploads\/2024\/12\/Modern-Style-Reusable-Silverware-Bulk-Bulk-Stainless-Steel-Flatware-6-600x600.webp 600w, https:\/\/www.flatwaresupplier.com\/wp-content\/uploads\/2024\/12\/Modern-Style-Reusable-Silverware-Bulk-Bulk-Stainless-Steel-Flatware-6-100x100.webp 100w\" sizes=\"auto, (max-width: 1000px) 100vw, 1000px\" \/><\/figure>\n<\/div>\n\n\n\n<div class=\"wp-block-column is-layout-flow wp-block-column-is-layout-flow\">\n<h2 class=\"wp-block-heading\">Benutzerdefinierte Option f\u00fcr wiederverwendbares Silberbesteck Bulk<\/h2>\n\n\n\n<ul class=\"wp-block-list\">\n<li><strong>Logo: <\/strong>Lasergravur, Pr\u00e4gung, Etikett<\/li>\n\n\n\n<li><strong>Material:<\/strong> Rostfreier Stahl 13\/0 (410#), Rostfreier Stahl 18\/0 (430#), Rostfreier Stahl 18\/8 (304#)<\/li>\n\n\n\n<li><strong>Farbe:<\/strong> Silber, Gold, Champagner, Ros\u00e9gold, Schwarz, Regenbogen, Dunkelblau<\/li>\n\n\n\n<li><strong>Polieren: <\/strong>Hochglanzpolitur, Matt-\/B\u00fcrstenpolitur, Steinpolitur<\/li>\n\n\n\n<li><strong>Verpacken: <\/strong>PVC-Tasche, Farbbox, Zahnpasta-Box, Geschenkbox, Backercard<\/li>\n<\/ul>\n<\/div>\n<\/div>","protected":false},"excerpt":{"rendered":"<p>Purchase SGS\/FDA\/LFGB tested wholesale flatware sets. This modern style reusable silverware bulk has a straight line design and thickened handles, presenting an elegant and modern look, which can add a sense of luxury to your dining table. This hot-selling flatware style has been popular on Amazon and supermarkets.<\/p>\n<ul>\n<li><strong>Modell:<\/strong> FY-A023#<\/li>\n<li><strong>Hersteller:<\/strong> FANGYUAN Besteck<\/li>\n<li><strong>Farbe:<\/strong> Silber, Gold, Champagner, Ros\u00e9gold, Schwarz, Regenbogen, Dunkelblau<\/li>\n<li><strong>Material:<\/strong> Rostfreier Stahl 201#<\/li>\n<li><strong>Produktkategorie:<\/strong> Versandfertiges Besteck<\/li>\n<li><strong>MOQ:<\/strong> 100 ST\u00dcCK PRO ARTIKEL<\/li>\n<\/ul>\n<table style=\"border-collapse: collapse; width: 363.02pt;\" border=\"0\" width=\"363\" cellspacing=\"0\" cellpadding=\"0\">\n<tbody>\n<tr style=\"height: 31.00pt;\">\n<td class=\"et2\" style=\"height: 31.00pt; width: 119.95pt;\" width=\"119\" height=\"31\">Spezifikation<\/td>\n<td class=\"et3\" style=\"width: 122.50pt;\" width=\"122\">Dimension<br \/>Dicke*L\u00e4nge(mm)<\/td>\n<td class=\"et4\" style=\"width: 120.80pt;\" width=\"120\">Bruttogewicht (g)<\/td>\n<\/tr>\n<tr style=\"height: 15.20pt;\">\n<td style=\"height: 15.20pt;\" height=\"15\">Tafelmesser<\/td>\n<td>6.0, 225<\/td>\n<td>73g<\/td>\n<\/tr>\n<tr style=\"height: 15.20pt;\">\n<td style=\"height: 15.20pt;\" height=\"15\">Tafell\u00f6ffel<\/td>\n<td>4.0, 206<\/td>\n<td>57g<\/td>\n<\/tr>\n<tr style=\"height: 15.20pt;\">\n<td style=\"height: 15.20pt;\" height=\"15\">Tafelgabel<\/td>\n<td>4.0, 210<\/td>\n<td>43g<\/td>\n<\/tr>\n<tr style=\"height: 15.20pt;\">\n<td style=\"height: 15.20pt;\" height=\"15\">Teel\u00f6ffel<\/td>\n<td>4.0, 160<\/td>\n<td>35g<\/td>\n<\/tr>\n<tr style=\"height: 15.20pt;\">\n<td style=\"height: 15.20pt;\" height=\"15\">Salatgabel<\/td>\n<td>4.0, 160<\/td>\n<td>29g<\/td>\n<\/tr>\n<\/tbody>\n<\/table>","protected":false},"featured_media":970,"comment_status":"closed","ping_status":"closed","template":"","meta":{"_acf_changed":false},"product_brand":[],"product_cat":[24,15],"product_tag":[40],"class_list":{"0":"post-414","1":"product","2":"type-product","3":"status-publish","4":"has-post-thumbnail","6":"product_cat-flatware-wholesale","7":"product_cat-flatware-supplier","8":"product_tag-mirror-polish-flatware-bulk","10":"first","11":"instock","12":"shipping-taxable","13":"product-type-simple"},"acf":[],"_links":{"self":[{"href":"https:\/\/www.flatwaresupplier.com\/de\/wp-json\/wp\/v2\/product\/414","targetHints":{"allow":["GET"]}}],"collection":[{"href":"https:\/\/www.flatwaresupplier.com\/de\/wp-json\/wp\/v2\/product"}],"about":[{"href":"https:\/\/www.flatwaresupplier.com\/de\/wp-json\/wp\/v2\/types\/product"}],"replies":[{"embeddable":true,"href":"https:\/\/www.flatwaresupplier.com\/de\/wp-json\/wp\/v2\/comments?post=414"}],"wp:featuredmedia":[{"embeddable":true,"href":"https:\/\/www.flatwaresupplier.com\/de\/wp-json\/wp\/v2\/media\/970"}],"wp:attachment":[{"href":"https:\/\/www.flatwaresupplier.com\/de\/wp-json\/wp\/v2\/media?parent=414"}],"wp:term":[{"taxonomy":"product_brand","embeddable":true,"href":"https:\/\/www.flatwaresupplier.com\/de\/wp-json\/wp\/v2\/product_brand?post=414"},{"taxonomy":"product_cat","embeddable":true,"href":"https:\/\/www.flatwaresupplier.com\/de\/wp-json\/wp\/v2\/product_cat?post=414"},{"taxonomy":"product_tag","embeddable":true,"href":"https:\/\/www.flatwaresupplier.com\/de\/wp-json\/wp\/v2\/product_tag?post=414"}],"curies":[{"name":"wp","href":"https:\/\/api.w.org\/{rel}","templated":true}]}}